{"id":451,"date":"2022-05-23T11:29:46","date_gmt":"2022-05-23T09:29:46","guid":{"rendered":"http:\/\/a-g-r.es\/?page_id=451"},"modified":"2023-09-21T09:21:51","modified_gmt":"2023-09-21T07:21:51","slug":"descontaminacion-de-aceites-con-pcb","status":"publish","type":"page","link":"https:\/\/a-g-r.es\/en\/servicios\/descontaminacion-de-aceites-con-pcb\/","title":{"rendered":"Decontamination of oils with PCBs"},"content":{"rendered":"<div data-elementor-type=\"wp-page\" data-elementor-id=\"451\" class=\"elementor elementor-451\" data-elementor-post-type=\"page\">\n\t\t\t\t\t\t<section class=\"elementor-section elementor-top-section elementor-element elementor-element-716723dd elementor-section-full_width elementor-section-content-middle elementor-section-height-default elementor-section-height-default\" data-id=\"716723dd\" data-element_type=\"section\" data-e-type=\"section\" data-settings=\"{&quot;background_background&quot;:&quot;classic&quot;}\">\n\t\t\t\t\t\t\t<div class=\"elementor-background-overlay\"><\/div>\n\t\t\t\t\t\t\t<div class=\"elementor-container elementor-column-gap-default\">\n\t\t\t\t\t<div class=\"elementor-column elementor-col-100 elementor-top-column elementor-element elementor-element-549d7d2d\" data-id=\"549d7d2d\" data-element_type=\"column\" data-e-type=\"column\">\n\t\t\t<div class=\"elementor-widget-wrap elementor-element-populated\">\n\t\t\t\t\t\t<div class=\"elementor-element elementor-element-7930dd05 elementor-widget elementor-widget-heading\" data-id=\"7930dd05\" data-element_type=\"widget\" data-e-type=\"widget\" data-widget_type=\"heading.default\">\n\t\t\t\t\t<h2 class=\"elementor-heading-title elementor-size-default\">Decontamination of oils with PCBs using metallic sodium<\/h2>\t\t\t\t<\/div>\n\t\t\t\t\t<\/div>\n\t\t<\/div>\n\t\t\t\t\t<\/div>\n\t\t<\/section>\n\t\t\t\t<section class=\"elementor-section elementor-top-section elementor-element elementor-element-3ecdc118 elementor-section-full_width elementor-section-content-middle elementor-section-height-default elementor-section-height-default\" data-id=\"3ecdc118\" data-element_type=\"section\" data-e-type=\"section\">\n\t\t\t\t\t\t<div class=\"elementor-container elementor-column-gap-default\">\n\t\t\t\t\t<div class=\"elementor-column elementor-col-50 elementor-top-column elementor-element elementor-element-76a8240b\" data-id=\"76a8240b\" data-element_type=\"column\" data-e-type=\"column\">\n\t\t\t<div class=\"elementor-widget-wrap elementor-element-populated\">\n\t\t\t\t\t\t<div class=\"elementor-element elementor-element-261a70e5 elementor-widget elementor-widget-image\" data-id=\"261a70e5\" data-element_type=\"widget\" data-e-type=\"widget\" data-widget_type=\"image.default\">\n\t\t\t\t\t\t\t\t\t\t\t\t\t\t\t<img fetchpriority=\"high\" decoding=\"async\" width=\"782\" height=\"567\" src=\"https:\/\/a-g-r.es\/wp-content\/uploads\/2022\/05\/deshidratadoaceiteg.jpg\" class=\"attachment-full size-full wp-image-464\" alt=\"\" srcset=\"https:\/\/a-g-r.es\/wp-content\/uploads\/2022\/05\/deshidratadoaceiteg.jpg 782w, https:\/\/a-g-r.es\/wp-content\/uploads\/2022\/05\/deshidratadoaceiteg-300x218.jpg 300w, https:\/\/a-g-r.es\/wp-content\/uploads\/2022\/05\/deshidratadoaceiteg-768x557.jpg 768w, https:\/\/a-g-r.es\/wp-content\/uploads\/2022\/05\/deshidratadoaceiteg-18x12.jpg 18w\" sizes=\"(max-width: 782px) 100vw, 782px\" \/>\t\t\t\t\t\t\t\t\t\t\t\t\t\t\t<\/div>\n\t\t\t\t<div class=\"elementor-element elementor-element-f45364d elementor-widget elementor-widget-heading\" data-id=\"f45364d\" data-element_type=\"widget\" data-e-type=\"widget\" data-widget_type=\"heading.default\">\n\t\t\t\t\t<h2 class=\"elementor-heading-title elementor-size-default\">Oil dehydrated with PCB<\/h2>\t\t\t\t<\/div>\n\t\t\t\t\t<\/div>\n\t\t<\/div>\n\t\t\t\t<div class=\"elementor-column elementor-col-50 elementor-top-column elementor-element elementor-element-2d047fea\" data-id=\"2d047fea\" data-element_type=\"column\" data-e-type=\"column\">\n\t\t\t<div class=\"elementor-widget-wrap elementor-element-populated\">\n\t\t\t\t\t\t<div class=\"elementor-element elementor-element-74659db9 elementor-widget elementor-widget-heading\" data-id=\"74659db9\" data-element_type=\"widget\" data-e-type=\"widget\" data-widget_type=\"heading.default\">\n\t\t\t\t\t<h2 class=\"elementor-heading-title elementor-size-default\">_____ <b>Services<\/b> _____<\/h2>\t\t\t\t<\/div>\n\t\t\t\t<div class=\"elementor-element elementor-element-1719d7f6 elementor-widget elementor-widget-heading\" data-id=\"1719d7f6\" data-element_type=\"widget\" data-e-type=\"widget\" data-widget_type=\"heading.default\">\n\t\t\t\t\t<h2 class=\"elementor-heading-title elementor-size-default\">Decontamination of oils with PCBs using metallic sodium<\/h2>\t\t\t\t<\/div>\n\t\t\t\t<div class=\"elementor-element elementor-element-101500bf elementor-widget elementor-widget-text-editor\" data-id=\"101500bf\" data-element_type=\"widget\" data-e-type=\"widget\" data-widget_type=\"text-editor.default\">\n\t\t\t\t\t\t\t\t\t<p><strong>AGR<\/strong> It has the only plant in Spain with this technology, which allows it to decontaminate the oil with up to 7,000 ppm of PCB for reuse.<\/p><p>Decontaminated oil can be used as base oil for the manufacture of new industrial oils or it can be regenerated for reuse as dielectric oil.<\/p><p>In the process, a non-hazardous residue composed of oil sludge and NaCl is produced due to the reaction between the Na and Cl of the PCB molecule.<\/p>\t\t\t\t\t\t\t\t<\/div>\n\t\t\t\t\t<\/div>\n\t\t<\/div>\n\t\t\t\t\t<\/div>\n\t\t<\/section>\n\t\t\t\t<section class=\"elementor-section elementor-top-section elementor-element elementor-element-119d4db8 elementor-section-full_width elementor-section-content-middle elementor-section-height-default elementor-section-height-default\" data-id=\"119d4db8\" data-element_type=\"section\" data-e-type=\"section\">\n\t\t\t\t\t\t<div class=\"elementor-container elementor-column-gap-default\">\n\t\t\t\t\t<div class=\"elementor-column elementor-col-100 elementor-top-column elementor-element elementor-element-6c25b752\" data-id=\"6c25b752\" data-element_type=\"column\" data-e-type=\"column\">\n\t\t\t<div class=\"elementor-widget-wrap elementor-element-populated\">\n\t\t\t\t\t\t<div class=\"elementor-element elementor-element-71702b29 elementor-tabs-view-vertical elementor-widget elementor-widget-tabs\" data-id=\"71702b29\" data-element_type=\"widget\" data-e-type=\"widget\" data-widget_type=\"tabs.default\">\n\t\t\t\t\t\t\t<div class=\"elementor-tabs\">\n\t\t\t<div class=\"elementor-tabs-wrapper\" role=\"tablist\" >\n\t\t\t\t\t\t\t\t\t<div id=\"elementor-tab-title-1901\" class=\"elementor-tab-title elementor-tab-desktop-title\" aria-selected=\"true\" data-tab=\"1\" role=\"tab\" tabindex=\"0\" aria-controls=\"elementor-tab-content-1901\" aria-expanded=\"false\">OIL DECONTAMINATION PROCESS WITH PCB WITH METALLIC SODIUM<\/div>\n\t\t\t\t\t\t\t<\/div>\n\t\t\t<div class=\"elementor-tabs-content-wrapper\" role=\"tablist\" aria-orientation=\"vertical\">\n\t\t\t\t\t\t\t\t\t<div class=\"elementor-tab-title elementor-tab-mobile-title\" aria-selected=\"true\" data-tab=\"1\" role=\"tab\" tabindex=\"0\" aria-controls=\"elementor-tab-content-1901\" aria-expanded=\"false\">OIL DECONTAMINATION PROCESS WITH PCB WITH METALLIC SODIUM<\/div>\n\t\t\t\t\t<div id=\"elementor-tab-content-1901\" class=\"elementor-tab-content elementor-clearfix\" data-tab=\"1\" role=\"tabpanel\" aria-labelledby=\"elementor-tab-title-1901\" tabindex=\"0\" hidden=\"false\"><p>Oil contaminated with PCBs in a known concentration is stored in tanks and, before being introduced into the reactor, undergoes a dehydration process until it is less than 5 ppm of water content. On the other hand, the dispersion of metallic sodium, usually 40%, in dielectric oil is prepared.<\/p><p>Finally, measured amounts of contaminated oil and sodium dispersion are introduced into the reactor. The reaction stage lasts approximately 15 minutes and decontaminated oil and oil sludge with NaCl is obtained and separated by centrifugation.<\/p><p><img decoding=\"async\" class=\"alignnone wp-image-468 size-full\" src=\"http:\/\/a-g-r.es\/wp-content\/uploads\/2022\/05\/procesodedescontaminaciondeaceitesconpcb_agr.jpg\" alt=\"\" width=\"690\" height=\"496\" srcset=\"https:\/\/a-g-r.es\/wp-content\/uploads\/2022\/05\/procesodedescontaminaciondeaceitesconpcb_agr.jpg 690w, https:\/\/a-g-r.es\/wp-content\/uploads\/2022\/05\/procesodedescontaminaciondeaceitesconpcb_agr-300x216.jpg 300w, https:\/\/a-g-r.es\/wp-content\/uploads\/2022\/05\/procesodedescontaminaciondeaceitesconpcb_agr-18x12.jpg 18w\" sizes=\"(max-width: 690px) 100vw, 690px\" \/><\/p><p>Diagram of the process of decontamination of oils with PCBs using metallic sodium<\/p><\/div>\n\t\t\t\t\t\t\t<\/div>\n\t\t<\/div>\n\t\t\t\t\t\t<\/div>\n\t\t\t\t<div class=\"elementor-element elementor-element-32bcdab9 elementor-widget elementor-widget-gallery\" data-id=\"32bcdab9\" data-element_type=\"widget\" data-e-type=\"widget\" data-settings=\"{&quot;columns&quot;:2,&quot;gap&quot;:{&quot;unit&quot;:&quot;px&quot;,&quot;size&quot;:30,&quot;sizes&quot;:[]},&quot;aspect_ratio&quot;:&quot;16:9&quot;,&quot;overlay_title&quot;:&quot;caption&quot;,&quot;image_hover_animation&quot;:&quot;grow&quot;,&quot;lazyload&quot;:&quot;yes&quot;,&quot;gallery_layout&quot;:&quot;grid&quot;,&quot;columns_tablet&quot;:2,&quot;columns_mobile&quot;:1,&quot;gap_tablet&quot;:{&quot;unit&quot;:&quot;px&quot;,&quot;size&quot;:10,&quot;sizes&quot;:[]},&quot;gap_mobile&quot;:{&quot;unit&quot;:&quot;px&quot;,&quot;size&quot;:10,&quot;sizes&quot;:[]},&quot;link_to&quot;:&quot;file&quot;,&quot;overlay_background&quot;:&quot;yes&quot;,&quot;content_hover_animation&quot;:&quot;fade-in&quot;}\" data-widget_type=\"gallery.default\">\n\t\t\t\t\t\t\t<div class=\"elementor-gallery__container\">\n\t\t\t\t\t\t\t<a class=\"e-gallery-item elementor-gallery-item elementor-animated-content\" href=\"https:\/\/a-g-r.es\/wp-content\/uploads\/2022\/05\/reactor_de_descontaminacion.jpg\" data-elementor-open-lightbox=\"yes\" data-elementor-lightbox-slideshow=\"32bcdab9\" data-elementor-lightbox-title=\"reactor_de_descontaminacion\" data-e-action-hash=\"#elementor-action%3Aaction%3Dlightbox%26settings%3DeyJpZCI6NDc1LCJ1cmwiOiJodHRwczpcL1wvYS1nLXIuZXNcL3dwLWNvbnRlbnRcL3VwbG9hZHNcLzIwMjJcLzA1XC9yZWFjdG9yX2RlX2Rlc2NvbnRhbWluYWNpb24uanBnIiwic2xpZGVzaG93IjoiMzJiY2RhYjkifQ%3D%3D\">\n\t\t\t\t\t<div class=\"e-gallery-image elementor-gallery-item__image\" data-thumbnail=\"https:\/\/a-g-r.es\/wp-content\/uploads\/2022\/05\/reactor_de_descontaminacion.jpg\" data-width=\"782\" data-height=\"356\" aria-label=\"\" role=\"img\" ><\/div>\n\t\t\t\t\t\t\t\t\t\t\t<div class=\"elementor-gallery-item__overlay\"><\/div>\n\t\t\t\t\t\t\t\t\t\t\t\t\t\t\t<div class=\"elementor-gallery-item__content\">\n\t\t\t\t\t\t\t\t\t\t\t\t\t\t<div class=\"elementor-gallery-item__title\">\n\t\t\t\t\t\t\t\t\t\t\t\t\t\t\t\t\t\tDecontamination reactor\t\t\t\t\t\t\t\t<\/div>\n\t\t\t\t\t\t\t\t\t\t\t\t<\/div>\n\t\t\t\t\t\t\t\t\t<\/a>\n\t\t\t\t\t\t\t<a class=\"e-gallery-item elementor-gallery-item elementor-animated-content\" href=\"https:\/\/a-g-r.es\/wp-content\/uploads\/2022\/05\/nave_de_almacen_de_aceites.jpg\" data-elementor-open-lightbox=\"yes\" data-elementor-lightbox-slideshow=\"32bcdab9\" data-elementor-lightbox-title=\"nave_de_almacen_de_aceites\" data-e-action-hash=\"#elementor-action%3Aaction%3Dlightbox%26settings%3DeyJpZCI6NDc0LCJ1cmwiOiJodHRwczpcL1wvYS1nLXIuZXNcL3dwLWNvbnRlbnRcL3VwbG9hZHNcLzIwMjJcLzA1XC9uYXZlX2RlX2FsbWFjZW5fZGVfYWNlaXRlcy5qcGciLCJzbGlkZXNob3ciOiIzMmJjZGFiOSJ9\">\n\t\t\t\t\t<div class=\"e-gallery-image elementor-gallery-item__image\" data-thumbnail=\"https:\/\/a-g-r.es\/wp-content\/uploads\/2022\/05\/nave_de_almacen_de_aceites.jpg\" data-width=\"782\" data-height=\"356\" aria-label=\"\" role=\"img\" ><\/div>\n\t\t\t\t\t\t\t\t\t\t\t<div class=\"elementor-gallery-item__overlay\"><\/div>\n\t\t\t\t\t\t\t\t\t\t\t\t\t\t\t<div class=\"elementor-gallery-item__content\">\n\t\t\t\t\t\t\t\t\t\t\t\t\t\t<div class=\"elementor-gallery-item__title\">\n\t\t\t\t\t\t\t\t\t\t\t\t\t\t\t\t\t\tOil warehouse\t\t\t\t\t\t\t\t<\/div>\n\t\t\t\t\t\t\t\t\t\t\t\t<\/div>\n\t\t\t\t\t\t\t\t\t<\/a>\n\t\t\t\t\t\t\t<a class=\"e-gallery-item elementor-gallery-item elementor-animated-content\" href=\"https:\/\/a-g-r.es\/wp-content\/uploads\/2022\/05\/equipodecontrol.jpg\" data-elementor-open-lightbox=\"yes\" data-elementor-lightbox-slideshow=\"32bcdab9\" data-elementor-lightbox-title=\"equipodecontrol\" data-e-action-hash=\"#elementor-action%3Aaction%3Dlightbox%26settings%3DeyJpZCI6NDczLCJ1cmwiOiJodHRwczpcL1wvYS1nLXIuZXNcL3dwLWNvbnRlbnRcL3VwbG9hZHNcLzIwMjJcLzA1XC9lcXVpcG9kZWNvbnRyb2wuanBnIiwic2xpZGVzaG93IjoiMzJiY2RhYjkifQ%3D%3D\">\n\t\t\t\t\t<div class=\"e-gallery-image elementor-gallery-item__image\" data-thumbnail=\"https:\/\/a-g-r.es\/wp-content\/uploads\/2022\/05\/equipodecontrol.jpg\" data-width=\"782\" data-height=\"356\" aria-label=\"\" role=\"img\" ><\/div>\n\t\t\t\t\t\t\t\t\t\t\t<div class=\"elementor-gallery-item__overlay\"><\/div>\n\t\t\t\t\t\t\t\t\t\t\t\t\t\t\t<div class=\"elementor-gallery-item__content\">\n\t\t\t\t\t\t\t\t\t\t\t\t\t\t<div class=\"elementor-gallery-item__title\">\n\t\t\t\t\t\t\t\t\t\t\t\t\t\t\t\t\t\tControl equipment and microdehydrate\t\t\t\t\t\t\t\t<\/div>\n\t\t\t\t\t\t\t\t\t\t\t\t<\/div>\n\t\t\t\t\t\t\t\t\t<\/a>\n\t\t\t\t\t\t\t<a class=\"e-gallery-item elementor-gallery-item elementor-animated-content\" href=\"https:\/\/a-g-r.es\/wp-content\/uploads\/2022\/05\/equipodefabricacion.jpg\" data-elementor-open-lightbox=\"yes\" data-elementor-lightbox-slideshow=\"32bcdab9\" data-elementor-lightbox-title=\"equipodefabricacion\" data-e-action-hash=\"#elementor-action%3Aaction%3Dlightbox%26settings%3DeyJpZCI6NDcyLCJ1cmwiOiJodHRwczpcL1wvYS1nLXIuZXNcL3dwLWNvbnRlbnRcL3VwbG9hZHNcLzIwMjJcLzA1XC9lcXVpcG9kZWZhYnJpY2FjaW9uLmpwZyIsInNsaWRlc2hvdyI6IjMyYmNkYWI5In0%3D\">\n\t\t\t\t\t<div class=\"e-gallery-image elementor-gallery-item__image\" data-thumbnail=\"https:\/\/a-g-r.es\/wp-content\/uploads\/2022\/05\/equipodefabricacion.jpg\" data-width=\"782\" data-height=\"356\" aria-label=\"\" role=\"img\" ><\/div>\n\t\t\t\t\t\t\t\t\t\t\t<div class=\"elementor-gallery-item__overlay\"><\/div>\n\t\t\t\t\t\t\t\t\t\t\t\t\t\t\t<div class=\"elementor-gallery-item__content\">\n\t\t\t\t\t\t\t\t\t\t\t\t\t\t<div class=\"elementor-gallery-item__title\">\n\t\t\t\t\t\t\t\t\t\t\t\t\t\t\t\t\t\tSodium Dispersion Manufacturing Equipment\t\t\t\t\t\t\t\t<\/div>\n\t\t\t\t\t\t\t\t\t\t\t\t<\/div>\n\t\t\t\t\t\t\t\t\t<\/a>\n\t\t\t\t\t<\/div>\n\t\t\t\t\t<\/div>\n\t\t\t\t\t<\/div>\n\t\t<\/div>\n\t\t\t\t\t<\/div>\n\t\t<\/section>\n\t\t\t\t<\/div>","protected":false},"excerpt":{"rendered":"<p>Descontaminaci\u00f3n de aceites con PCB mediante sodio met\u00e1lico Deshidratado de aceite con PCB _____ Servicios _____ Descontaminaci\u00f3n de aceites con PCB mediante sodio met\u00e1lico AGR posee la \u00fanica planta de Espa\u00f1a con esta tecnolog\u00eda, que le permite descontaminar el aceite con hasta 7.000 ppm de PCB para su reutilizaci\u00f3n. El aceite descontaminado se puede utilizar [&hellip;]<\/p>\n","protected":false},"author":3,"featured_media":1225,"parent":17,"menu_order":0,"comment_status":"closed","ping_status":"closed","template":"elementor_header_footer","meta":{"footnotes":""},"class_list":["post-451","page","type-page","status-publish","has-post-thumbnail","hentry"],"yoast_head":"<!-- This site is optimized with the Yoast SEO plugin v27.4 - https:\/\/yoast.com\/product\/yoast-seo-wordpress\/ -->\n<title>Descontaminaci\u00f3n de aceites con PCB - AGR<\/title>\n<meta name=\"description\" content=\"AGR posee la \u00fanica planta de Espa\u00f1a con esta tecnolog\u00eda, que le permite descontaminar el aceite con hasta 7.000 ppm de PCB para su reutilizaci\u00f3n.\" \/>\n<meta name=\"robots\" content=\"index, follow, max-snippet:-1, max-image-preview:large, max-video-preview:-1\" \/>\n<link rel=\"canonical\" href=\"https:\/\/a-g-r.es\/en\/servicios\/descontaminacion-de-aceites-con-pcb\/\" \/>\n<meta property=\"og:locale\" content=\"en_GB\" \/>\n<meta property=\"og:type\" content=\"article\" \/>\n<meta property=\"og:title\" content=\"Descontaminaci\u00f3n de aceites con PCB - AGR\" \/>\n<meta property=\"og:description\" content=\"AGR posee la \u00fanica planta de Espa\u00f1a con esta tecnolog\u00eda, que le permite descontaminar el aceite con hasta 7.000 ppm de PCB para su reutilizaci\u00f3n.\" \/>\n<meta property=\"og:url\" content=\"https:\/\/a-g-r.es\/en\/servicios\/descontaminacion-de-aceites-con-pcb\/\" \/>\n<meta property=\"og:site_name\" content=\"AGR\" \/>\n<meta property=\"article:modified_time\" content=\"2023-09-21T07:21:51+00:00\" \/>\n<meta property=\"og:image\" content=\"https:\/\/a-g-r.es\/wp-content\/uploads\/2022\/11\/imagen-destacada.jpg\" \/>\n\t<meta property=\"og:image:width\" content=\"200\" \/>\n\t<meta property=\"og:image:height\" content=\"200\" \/>\n\t<meta property=\"og:image:type\" content=\"image\/jpeg\" \/>\n<meta name=\"twitter:card\" content=\"summary_large_image\" \/>\n<meta name=\"twitter:label1\" content=\"Estimated reading time\" \/>\n\t<meta name=\"twitter:data1\" content=\"2 minutes\" \/>\n<script type=\"application\/ld+json\" class=\"yoast-schema-graph\">{\"@context\":\"https:\\\/\\\/schema.org\",\"@graph\":[{\"@type\":\"WebPage\",\"@id\":\"https:\\\/\\\/a-g-r.es\\\/servicios\\\/descontaminacion-de-aceites-con-pcb\\\/\",\"url\":\"https:\\\/\\\/a-g-r.es\\\/servicios\\\/descontaminacion-de-aceites-con-pcb\\\/\",\"name\":\"Descontaminaci\u00f3n de aceites con PCB - AGR\",\"isPartOf\":{\"@id\":\"https:\\\/\\\/a-g-r.es\\\/#website\"},\"primaryImageOfPage\":{\"@id\":\"https:\\\/\\\/a-g-r.es\\\/servicios\\\/descontaminacion-de-aceites-con-pcb\\\/#primaryimage\"},\"image\":{\"@id\":\"https:\\\/\\\/a-g-r.es\\\/servicios\\\/descontaminacion-de-aceites-con-pcb\\\/#primaryimage\"},\"thumbnailUrl\":\"https:\\\/\\\/a-g-r.es\\\/wp-content\\\/uploads\\\/2022\\\/11\\\/imagen-destacada.jpg\",\"datePublished\":\"2022-05-23T09:29:46+00:00\",\"dateModified\":\"2023-09-21T07:21:51+00:00\",\"description\":\"AGR posee la \u00fanica planta de Espa\u00f1a con esta tecnolog\u00eda, que le permite descontaminar el aceite con hasta 7.000 ppm de PCB para su reutilizaci\u00f3n.\",\"breadcrumb\":{\"@id\":\"https:\\\/\\\/a-g-r.es\\\/servicios\\\/descontaminacion-de-aceites-con-pcb\\\/#breadcrumb\"},\"inLanguage\":\"en-GB\",\"potentialAction\":[{\"@type\":\"ReadAction\",\"target\":[\"https:\\\/\\\/a-g-r.es\\\/servicios\\\/descontaminacion-de-aceites-con-pcb\\\/\"]}]},{\"@type\":\"ImageObject\",\"inLanguage\":\"en-GB\",\"@id\":\"https:\\\/\\\/a-g-r.es\\\/servicios\\\/descontaminacion-de-aceites-con-pcb\\\/#primaryimage\",\"url\":\"https:\\\/\\\/a-g-r.es\\\/wp-content\\\/uploads\\\/2022\\\/11\\\/imagen-destacada.jpg\",\"contentUrl\":\"https:\\\/\\\/a-g-r.es\\\/wp-content\\\/uploads\\\/2022\\\/11\\\/imagen-destacada.jpg\",\"width\":200,\"height\":200,\"caption\":\"AGR\"},{\"@type\":\"BreadcrumbList\",\"@id\":\"https:\\\/\\\/a-g-r.es\\\/servicios\\\/descontaminacion-de-aceites-con-pcb\\\/#breadcrumb\",\"itemListElement\":[{\"@type\":\"ListItem\",\"position\":1,\"name\":\"Home\",\"item\":\"https:\\\/\\\/a-g-r.es\\\/\"},{\"@type\":\"ListItem\",\"position\":2,\"name\":\"Servicios\",\"item\":\"https:\\\/\\\/a-g-r.es\\\/servicios\\\/\"},{\"@type\":\"ListItem\",\"position\":3,\"name\":\"Descontaminaci\u00f3n de aceites con PCB\"}]},{\"@type\":\"WebSite\",\"@id\":\"https:\\\/\\\/a-g-r.es\\\/#website\",\"url\":\"https:\\\/\\\/a-g-r.es\\\/\",\"name\":\"AGR\",\"description\":\"APROCHIM-GETESARPRYMOIL,S.A.\",\"publisher\":{\"@id\":\"https:\\\/\\\/a-g-r.es\\\/#organization\"},\"alternateName\":\"L\u00edder en Gesti\u00f3n Integral de Residuos Peligrosos con PCB\",\"potentialAction\":[{\"@type\":\"SearchAction\",\"target\":{\"@type\":\"EntryPoint\",\"urlTemplate\":\"https:\\\/\\\/a-g-r.es\\\/?s={search_term_string}\"},\"query-input\":{\"@type\":\"PropertyValueSpecification\",\"valueRequired\":true,\"valueName\":\"search_term_string\"}}],\"inLanguage\":\"en-GB\"},{\"@type\":\"Organization\",\"@id\":\"https:\\\/\\\/a-g-r.es\\\/#organization\",\"name\":\"AGR\",\"alternateName\":\"L\u00edder en Gesti\u00f3n Integral de Residuos Peligrosos con PCB\",\"url\":\"https:\\\/\\\/a-g-r.es\\\/\",\"logo\":{\"@type\":\"ImageObject\",\"inLanguage\":\"en-GB\",\"@id\":\"https:\\\/\\\/a-g-r.es\\\/#\\\/schema\\\/logo\\\/image\\\/\",\"url\":\"https:\\\/\\\/a-g-r.es\\\/wp-content\\\/uploads\\\/2022\\\/05\\\/logo.png\",\"contentUrl\":\"https:\\\/\\\/a-g-r.es\\\/wp-content\\\/uploads\\\/2022\\\/05\\\/logo.png\",\"width\":212,\"height\":61,\"caption\":\"AGR\"},\"image\":{\"@id\":\"https:\\\/\\\/a-g-r.es\\\/#\\\/schema\\\/logo\\\/image\\\/\"}}]}<\/script>\n<!-- \/ Yoast SEO plugin. -->","yoast_head_json":{"title":"Descontaminaci\u00f3n de aceites con PCB - AGR","description":"AGR posee la \u00fanica planta de Espa\u00f1a con esta tecnolog\u00eda, que le permite descontaminar el aceite con hasta 7.000 ppm de PCB para su reutilizaci\u00f3n.","robots":{"index":"index","follow":"follow","max-snippet":"max-snippet:-1","max-image-preview":"max-image-preview:large","max-video-preview":"max-video-preview:-1"},"canonical":"https:\/\/a-g-r.es\/en\/servicios\/descontaminacion-de-aceites-con-pcb\/","og_locale":"en_GB","og_type":"article","og_title":"Descontaminaci\u00f3n de aceites con PCB - AGR","og_description":"AGR posee la \u00fanica planta de Espa\u00f1a con esta tecnolog\u00eda, que le permite descontaminar el aceite con hasta 7.000 ppm de PCB para su reutilizaci\u00f3n.","og_url":"https:\/\/a-g-r.es\/en\/servicios\/descontaminacion-de-aceites-con-pcb\/","og_site_name":"AGR","article_modified_time":"2023-09-21T07:21:51+00:00","og_image":[{"width":200,"height":200,"url":"https:\/\/a-g-r.es\/wp-content\/uploads\/2022\/11\/imagen-destacada.jpg","type":"image\/jpeg"}],"twitter_card":"summary_large_image","twitter_misc":{"Estimated reading time":"2 minutes"},"schema":{"@context":"https:\/\/schema.org","@graph":[{"@type":"WebPage","@id":"https:\/\/a-g-r.es\/servicios\/descontaminacion-de-aceites-con-pcb\/","url":"https:\/\/a-g-r.es\/servicios\/descontaminacion-de-aceites-con-pcb\/","name":"Descontaminaci\u00f3n de aceites con PCB - AGR","isPartOf":{"@id":"https:\/\/a-g-r.es\/#website"},"primaryImageOfPage":{"@id":"https:\/\/a-g-r.es\/servicios\/descontaminacion-de-aceites-con-pcb\/#primaryimage"},"image":{"@id":"https:\/\/a-g-r.es\/servicios\/descontaminacion-de-aceites-con-pcb\/#primaryimage"},"thumbnailUrl":"https:\/\/a-g-r.es\/wp-content\/uploads\/2022\/11\/imagen-destacada.jpg","datePublished":"2022-05-23T09:29:46+00:00","dateModified":"2023-09-21T07:21:51+00:00","description":"AGR posee la \u00fanica planta de Espa\u00f1a con esta tecnolog\u00eda, que le permite descontaminar el aceite con hasta 7.000 ppm de PCB para su reutilizaci\u00f3n.","breadcrumb":{"@id":"https:\/\/a-g-r.es\/servicios\/descontaminacion-de-aceites-con-pcb\/#breadcrumb"},"inLanguage":"en-GB","potentialAction":[{"@type":"ReadAction","target":["https:\/\/a-g-r.es\/servicios\/descontaminacion-de-aceites-con-pcb\/"]}]},{"@type":"ImageObject","inLanguage":"en-GB","@id":"https:\/\/a-g-r.es\/servicios\/descontaminacion-de-aceites-con-pcb\/#primaryimage","url":"https:\/\/a-g-r.es\/wp-content\/uploads\/2022\/11\/imagen-destacada.jpg","contentUrl":"https:\/\/a-g-r.es\/wp-content\/uploads\/2022\/11\/imagen-destacada.jpg","width":200,"height":200,"caption":"AGR"},{"@type":"BreadcrumbList","@id":"https:\/\/a-g-r.es\/servicios\/descontaminacion-de-aceites-con-pcb\/#breadcrumb","itemListElement":[{"@type":"ListItem","position":1,"name":"Home","item":"https:\/\/a-g-r.es\/"},{"@type":"ListItem","position":2,"name":"Servicios","item":"https:\/\/a-g-r.es\/servicios\/"},{"@type":"ListItem","position":3,"name":"Descontaminaci\u00f3n de aceites con PCB"}]},{"@type":"WebSite","@id":"https:\/\/a-g-r.es\/#website","url":"https:\/\/a-g-r.es\/","name":"AGR","description":"APROCHIM-GETESARPRYMOIL,S.A.","publisher":{"@id":"https:\/\/a-g-r.es\/#organization"},"alternateName":"L\u00edder en Gesti\u00f3n Integral de Residuos Peligrosos con PCB","potentialAction":[{"@type":"SearchAction","target":{"@type":"EntryPoint","urlTemplate":"https:\/\/a-g-r.es\/?s={search_term_string}"},"query-input":{"@type":"PropertyValueSpecification","valueRequired":true,"valueName":"search_term_string"}}],"inLanguage":"en-GB"},{"@type":"Organization","@id":"https:\/\/a-g-r.es\/#organization","name":"AGR","alternateName":"L\u00edder en Gesti\u00f3n Integral de Residuos Peligrosos con PCB","url":"https:\/\/a-g-r.es\/","logo":{"@type":"ImageObject","inLanguage":"en-GB","@id":"https:\/\/a-g-r.es\/#\/schema\/logo\/image\/","url":"https:\/\/a-g-r.es\/wp-content\/uploads\/2022\/05\/logo.png","contentUrl":"https:\/\/a-g-r.es\/wp-content\/uploads\/2022\/05\/logo.png","width":212,"height":61,"caption":"AGR"},"image":{"@id":"https:\/\/a-g-r.es\/#\/schema\/logo\/image\/"}}]}},"_links":{"self":[{"href":"https:\/\/a-g-r.es\/en\/wp-json\/wp\/v2\/pages\/451","targetHints":{"allow":["GET"]}}],"collection":[{"href":"https:\/\/a-g-r.es\/en\/wp-json\/wp\/v2\/pages"}],"about":[{"href":"https:\/\/a-g-r.es\/en\/wp-json\/wp\/v2\/types\/page"}],"author":[{"embeddable":true,"href":"https:\/\/a-g-r.es\/en\/wp-json\/wp\/v2\/users\/3"}],"replies":[{"embeddable":true,"href":"https:\/\/a-g-r.es\/en\/wp-json\/wp\/v2\/comments?post=451"}],"version-history":[{"count":31,"href":"https:\/\/a-g-r.es\/en\/wp-json\/wp\/v2\/pages\/451\/revisions"}],"predecessor-version":[{"id":1302,"href":"https:\/\/a-g-r.es\/en\/wp-json\/wp\/v2\/pages\/451\/revisions\/1302"}],"up":[{"embeddable":true,"href":"https:\/\/a-g-r.es\/en\/wp-json\/wp\/v2\/pages\/17"}],"wp:featuredmedia":[{"embeddable":true,"href":"https:\/\/a-g-r.es\/en\/wp-json\/wp\/v2\/media\/1225"}],"wp:attachment":[{"href":"https:\/\/a-g-r.es\/en\/wp-json\/wp\/v2\/media?parent=451"}],"curies":[{"name":"wp","href":"https:\/\/api.w.org\/{rel}","templated":true}]}}