{"id":428,"date":"2022-05-23T11:22:29","date_gmt":"2022-05-23T09:22:29","guid":{"rendered":"http:\/\/a-g-r.es\/?page_id=428"},"modified":"2022-11-24T20:57:38","modified_gmt":"2022-11-24T19:57:38","slug":"laboratorio","status":"publish","type":"page","link":"https:\/\/a-g-r.es\/fr\/empresa\/laboratorio\/","title":{"rendered":"Laboratoire"},"content":{"rendered":"<div data-elementor-type=\"wp-page\" data-elementor-id=\"428\" class=\"elementor elementor-428\" data-elementor-post-type=\"page\">\n\t\t\t\t\t\t<section class=\"elementor-section elementor-top-section elementor-element elementor-element-a6947fb elementor-section-full_width elementor-section-content-middle elementor-section-height-default elementor-section-height-default\" data-id=\"a6947fb\" data-element_type=\"section\" data-e-type=\"section\" data-settings=\"{&quot;background_background&quot;:&quot;classic&quot;}\">\n\t\t\t\t\t\t\t<div class=\"elementor-background-overlay\"><\/div>\n\t\t\t\t\t\t\t<div class=\"elementor-container elementor-column-gap-default\">\n\t\t\t\t\t<div class=\"elementor-column elementor-col-100 elementor-top-column elementor-element elementor-element-708ec756\" data-id=\"708ec756\" data-element_type=\"column\" data-e-type=\"column\">\n\t\t\t<div class=\"elementor-widget-wrap elementor-element-populated\">\n\t\t\t\t\t\t<div class=\"elementor-element elementor-element-3b29b337 elementor-widget__width-initial elementor-widget elementor-widget-heading\" data-id=\"3b29b337\" data-element_type=\"widget\" data-e-type=\"widget\" data-widget_type=\"heading.default\">\n\t\t\t\t\t<h2 class=\"elementor-heading-title elementor-size-default\">Laboratoire<\/h2>\t\t\t\t<\/div>\n\t\t\t\t<div class=\"elementor-element elementor-element-64d8928c elementor-widget elementor-widget-spacer\" data-id=\"64d8928c\" data-element_type=\"widget\" data-e-type=\"widget\" data-widget_type=\"spacer.default\">\n\t\t\t\t\t\t\t<div class=\"elementor-spacer\">\n\t\t\t<div class=\"elementor-spacer-inner\"><\/div>\n\t\t<\/div>\n\t\t\t\t\t\t<\/div>\n\t\t\t\t\t<\/div>\n\t\t<\/div>\n\t\t\t\t\t<\/div>\n\t\t<\/section>\n\t\t\t\t<section class=\"elementor-section elementor-top-section elementor-element elementor-element-2448913e elementor-section-full_width elementor-section-content-middle elementor-section-height-default elementor-section-height-default\" data-id=\"2448913e\" data-element_type=\"section\" data-e-type=\"section\">\n\t\t\t\t\t\t<div class=\"elementor-container elementor-column-gap-default\">\n\t\t\t\t\t<div class=\"elementor-column elementor-col-50 elementor-top-column elementor-element elementor-element-102167e9\" data-id=\"102167e9\" data-element_type=\"column\" data-e-type=\"column\">\n\t\t\t<div class=\"elementor-widget-wrap elementor-element-populated\">\n\t\t\t\t\t\t<div class=\"elementor-element elementor-element-2ff154da elementor-widget elementor-widget-image\" data-id=\"2ff154da\" data-element_type=\"widget\" data-e-type=\"widget\" data-widget_type=\"image.default\">\n\t\t\t\t\t\t\t\t\t\t\t\t\t\t\t<img fetchpriority=\"high\" decoding=\"async\" width=\"782\" height=\"356\" src=\"https:\/\/a-g-r.es\/wp-content\/uploads\/2022\/05\/rymoil_laboratorio.jpg\" class=\"attachment-full size-full wp-image-436\" alt=\"\" srcset=\"https:\/\/a-g-r.es\/wp-content\/uploads\/2022\/05\/rymoil_laboratorio.jpg 782w, https:\/\/a-g-r.es\/wp-content\/uploads\/2022\/05\/rymoil_laboratorio-300x137.jpg 300w, https:\/\/a-g-r.es\/wp-content\/uploads\/2022\/05\/rymoil_laboratorio-768x350.jpg 768w, https:\/\/a-g-r.es\/wp-content\/uploads\/2022\/05\/rymoil_laboratorio-18x8.jpg 18w\" sizes=\"(max-width: 782px) 100vw, 782px\" \/>\t\t\t\t\t\t\t\t\t\t\t\t\t\t\t<\/div>\n\t\t\t\t<div class=\"elementor-element elementor-element-a283966 elementor-widget elementor-widget-heading\" data-id=\"a283966\" data-element_type=\"widget\" data-e-type=\"widget\" data-widget_type=\"heading.default\">\n\t\t\t\t\t<h2 class=\"elementor-heading-title elementor-size-default\">Lab - Vue d\u2019ensemble<\/h2>\t\t\t\t<\/div>\n\t\t\t\t\t<\/div>\n\t\t<\/div>\n\t\t\t\t<div class=\"elementor-column elementor-col-50 elementor-top-column elementor-element elementor-element-1801e500\" data-id=\"1801e500\" data-element_type=\"column\" data-e-type=\"column\">\n\t\t\t<div class=\"elementor-widget-wrap elementor-element-populated\">\n\t\t\t\t\t\t<div class=\"elementor-element elementor-element-3952129d elementor-widget elementor-widget-heading\" data-id=\"3952129d\" data-element_type=\"widget\" data-e-type=\"widget\" data-widget_type=\"heading.default\">\n\t\t\t\t\t<h2 class=\"elementor-heading-title elementor-size-default\">_____ <b>Laboratoire<\/b> _____<\/h2>\t\t\t\t<\/div>\n\t\t\t\t<div class=\"elementor-element elementor-element-3230972c elementor-widget elementor-widget-heading\" data-id=\"3230972c\" data-element_type=\"widget\" data-e-type=\"widget\" data-widget_type=\"heading.default\">\n\t\t\t\t\t<h2 class=\"elementor-heading-title elementor-size-default\">Laboratoire<\/h2>\t\t\t\t<\/div>\n\t\t\t\t<div class=\"elementor-element elementor-element-38395eaa elementor-widget elementor-widget-text-editor\" data-id=\"38395eaa\" data-element_type=\"widget\" data-e-type=\"widget\" data-widget_type=\"text-editor.default\">\n\t\t\t\t\t\t\t\t\t<p>L\u2019entr\u00e9e de tous les \u00e9quipements et transformateurs et les proc\u00e9d\u00e9s de d\u00e9contamination sont soumis \u00e0 un contr\u00f4le analytique rigoureux effectu\u00e9 dans notre laboratoire. De plus, conform\u00e9ment aux exigences du plan de surveillance environnementale contenu dans l\u2019autorisation environnementale int\u00e9gr\u00e9e, l\u2019analyse des diff\u00e9rents param\u00e8tres qui doivent \u00eatre v\u00e9rifi\u00e9s avant tout rejet d\u2019eau trait\u00e9e dans la station d\u2019\u00e9puration est effectu\u00e9e.<\/p><p>Le laboratoire dispose d\u2019\u00e9quipements et de techniques analytiques pour effectuer des analyses de PCB sur n\u2019importe quelle matrice: huiles, eau, sols, etc.<\/p>\t\t\t\t\t\t\t\t<\/div>\n\t\t\t\t\t<\/div>\n\t\t<\/div>\n\t\t\t\t\t<\/div>\n\t\t<\/section>\n\t\t\t\t<section class=\"elementor-section elementor-top-section elementor-element elementor-element-6d26f5e0 elementor-section-full_width elementor-section-content-middle elementor-section-height-default elementor-section-height-default\" data-id=\"6d26f5e0\" data-element_type=\"section\" data-e-type=\"section\">\n\t\t\t\t\t\t<div class=\"elementor-container elementor-column-gap-default\">\n\t\t\t\t\t<div class=\"elementor-column elementor-col-100 elementor-top-column elementor-element elementor-element-5eac5361\" data-id=\"5eac5361\" data-element_type=\"column\" data-e-type=\"column\">\n\t\t\t<div class=\"elementor-widget-wrap elementor-element-populated\">\n\t\t\t\t\t\t<div class=\"elementor-element elementor-element-2c894d1e elementor-widget elementor-widget-gallery\" data-id=\"2c894d1e\" data-element_type=\"widget\" data-e-type=\"widget\" data-settings=\"{&quot;columns&quot;:3,&quot;gap&quot;:{&quot;unit&quot;:&quot;px&quot;,&quot;size&quot;:30,&quot;sizes&quot;:[]},&quot;aspect_ratio&quot;:&quot;16:9&quot;,&quot;overlay_title&quot;:&quot;caption&quot;,&quot;image_hover_animation&quot;:&quot;grow&quot;,&quot;lazyload&quot;:&quot;yes&quot;,&quot;gallery_layout&quot;:&quot;grid&quot;,&quot;columns_tablet&quot;:2,&quot;columns_mobile&quot;:1,&quot;gap_tablet&quot;:{&quot;unit&quot;:&quot;px&quot;,&quot;size&quot;:10,&quot;sizes&quot;:[]},&quot;gap_mobile&quot;:{&quot;unit&quot;:&quot;px&quot;,&quot;size&quot;:10,&quot;sizes&quot;:[]},&quot;link_to&quot;:&quot;file&quot;,&quot;overlay_background&quot;:&quot;yes&quot;,&quot;content_hover_animation&quot;:&quot;fade-in&quot;}\" data-widget_type=\"gallery.default\">\n\t\t\t\t\t\t\t<div class=\"elementor-gallery__container\">\n\t\t\t\t\t\t\t<a class=\"e-gallery-item elementor-gallery-item elementor-animated-content\" href=\"https:\/\/a-g-r.es\/wp-content\/uploads\/2022\/05\/rymoil_laboratorio.jpg\" data-elementor-open-lightbox=\"yes\" data-elementor-lightbox-slideshow=\"2c894d1e\" data-elementor-lightbox-title=\"rymoil_laboratorio\" data-e-action-hash=\"#elementor-action%3Aaction%3Dlightbox%26settings%3DeyJpZCI6NDM2LCJ1cmwiOiJodHRwczpcL1wvYS1nLXIuZXNcL3dwLWNvbnRlbnRcL3VwbG9hZHNcLzIwMjJcLzA1XC9yeW1vaWxfbGFib3JhdG9yaW8uanBnIiwic2xpZGVzaG93IjoiMmM4OTRkMWUifQ%3D%3D\">\n\t\t\t\t\t<div class=\"e-gallery-image elementor-gallery-item__image\" data-thumbnail=\"https:\/\/a-g-r.es\/wp-content\/uploads\/2022\/05\/rymoil_laboratorio.jpg\" data-width=\"782\" data-height=\"356\" aria-label=\"\" role=\"img\" ><\/div>\n\t\t\t\t\t\t\t\t\t\t\t<div class=\"elementor-gallery-item__overlay\"><\/div>\n\t\t\t\t\t\t\t\t\t\t\t\t\t\t\t<div class=\"elementor-gallery-item__content\">\n\t\t\t\t\t\t\t\t\t\t\t\t\t\t<div class=\"elementor-gallery-item__title\">\n\t\t\t\t\t\t\t\t\t\t\t\t\t\t\t\t\t\tLab - Vue d\u2019ensemble\t\t\t\t\t\t\t\t<\/div>\n\t\t\t\t\t\t\t\t\t\t\t\t<\/div>\n\t\t\t\t\t\t\t\t\t<\/a>\n\t\t\t\t\t\t\t<a class=\"e-gallery-item elementor-gallery-item elementor-animated-content\" href=\"https:\/\/a-g-r.es\/wp-content\/uploads\/2022\/05\/agr_laboratorio5.jpg\" data-elementor-open-lightbox=\"yes\" data-elementor-lightbox-slideshow=\"2c894d1e\" data-elementor-lightbox-title=\"agr_laboratorio5\" data-e-action-hash=\"#elementor-action%3Aaction%3Dlightbox%26settings%3DeyJpZCI6NDQyLCJ1cmwiOiJodHRwczpcL1wvYS1nLXIuZXNcL3dwLWNvbnRlbnRcL3VwbG9hZHNcLzIwMjJcLzA1XC9hZ3JfbGFib3JhdG9yaW81LmpwZyIsInNsaWRlc2hvdyI6IjJjODk0ZDFlIn0%3D\">\n\t\t\t\t\t<div class=\"e-gallery-image elementor-gallery-item__image\" data-thumbnail=\"https:\/\/a-g-r.es\/wp-content\/uploads\/2022\/05\/agr_laboratorio5.jpg\" data-width=\"640\" data-height=\"291\" aria-label=\"\" role=\"img\" ><\/div>\n\t\t\t\t\t\t\t\t\t\t\t<div class=\"elementor-gallery-item__overlay\"><\/div>\n\t\t\t\t\t\t\t\t\t\t\t\t\t\t\t<div class=\"elementor-gallery-item__content\">\n\t\t\t\t\t\t\t\t\t\t\t\t\t\t<div class=\"elementor-gallery-item__title\">\n\t\t\t\t\t\t\t\t\t\t\t\t\t\t\t\t\t\tPr\u00e9paration des \u00e9chantillons\t\t\t\t\t\t\t\t<\/div>\n\t\t\t\t\t\t\t\t\t\t\t\t<\/div>\n\t\t\t\t\t\t\t\t\t<\/a>\n\t\t\t\t\t\t\t<a class=\"e-gallery-item elementor-gallery-item elementor-animated-content\" href=\"https:\/\/a-g-r.es\/wp-content\/uploads\/2022\/05\/rymoil_laboratorio_contaminacion_de_pcb.jpg\" data-elementor-open-lightbox=\"yes\" data-elementor-lightbox-slideshow=\"2c894d1e\" data-elementor-lightbox-title=\"rymoil_laboratorio_contaminacion_de_pcb\" data-e-action-hash=\"#elementor-action%3Aaction%3Dlightbox%26settings%3DeyJpZCI6NDQxLCJ1cmwiOiJodHRwczpcL1wvYS1nLXIuZXNcL3dwLWNvbnRlbnRcL3VwbG9hZHNcLzIwMjJcLzA1XC9yeW1vaWxfbGFib3JhdG9yaW9fY29udGFtaW5hY2lvbl9kZV9wY2IuanBnIiwic2xpZGVzaG93IjoiMmM4OTRkMWUifQ%3D%3D\">\n\t\t\t\t\t<div class=\"e-gallery-image elementor-gallery-item__image\" data-thumbnail=\"https:\/\/a-g-r.es\/wp-content\/uploads\/2022\/05\/rymoil_laboratorio_contaminacion_de_pcb.jpg\" data-width=\"640\" data-height=\"291\" aria-label=\"\" role=\"img\" ><\/div>\n\t\t\t\t\t\t\t\t\t\t\t<div class=\"elementor-gallery-item__overlay\"><\/div>\n\t\t\t\t\t\t\t\t\t\t\t\t\t\t\t<div class=\"elementor-gallery-item__content\">\n\t\t\t\t\t\t\t\t\t\t\t\t\t\t<div class=\"elementor-gallery-item__title\">\n\t\t\t\t\t\t\t\t\t\t\t\t\t\t\t\t\t\tAnalyse des PCB dans les huiles\t\t\t\t\t\t\t\t<\/div>\n\t\t\t\t\t\t\t\t\t\t\t\t<\/div>\n\t\t\t\t\t\t\t\t\t<\/a>\n\t\t\t\t\t\t\t<a class=\"e-gallery-item elementor-gallery-item elementor-animated-content\" href=\"https:\/\/a-g-r.es\/wp-content\/uploads\/2022\/05\/agr_laboratorio_pcb_agua.jpg\" data-elementor-open-lightbox=\"yes\" data-elementor-lightbox-slideshow=\"2c894d1e\" data-elementor-lightbox-title=\"agr_laboratorio_pcb_agua\" data-e-action-hash=\"#elementor-action%3Aaction%3Dlightbox%26settings%3DeyJpZCI6NDQwLCJ1cmwiOiJodHRwczpcL1wvYS1nLXIuZXNcL3dwLWNvbnRlbnRcL3VwbG9hZHNcLzIwMjJcLzA1XC9hZ3JfbGFib3JhdG9yaW9fcGNiX2FndWEuanBnIiwic2xpZGVzaG93IjoiMmM4OTRkMWUifQ%3D%3D\">\n\t\t\t\t\t<div class=\"e-gallery-image elementor-gallery-item__image\" data-thumbnail=\"https:\/\/a-g-r.es\/wp-content\/uploads\/2022\/05\/agr_laboratorio_pcb_agua.jpg\" data-width=\"640\" data-height=\"291\" aria-label=\"\" role=\"img\" ><\/div>\n\t\t\t\t\t\t\t\t\t\t\t<div class=\"elementor-gallery-item__overlay\"><\/div>\n\t\t\t\t\t\t\t\t\t\t\t\t\t\t\t<div class=\"elementor-gallery-item__content\">\n\t\t\t\t\t\t\t\t\t\t\t\t\t\t<div class=\"elementor-gallery-item__title\">\n\t\t\t\t\t\t\t\t\t\t\t\t\t\t\t\t\t\tAnalyse PCB dans l\u2019eau\t\t\t\t\t\t\t\t<\/div>\n\t\t\t\t\t\t\t\t\t\t\t\t<\/div>\n\t\t\t\t\t\t\t\t\t<\/a>\n\t\t\t\t\t\t\t<a class=\"e-gallery-item elementor-gallery-item elementor-animated-content\" href=\"https:\/\/a-g-r.es\/wp-content\/uploads\/2022\/05\/rymoil_laboratorio6.jpg\" data-elementor-open-lightbox=\"yes\" data-elementor-lightbox-slideshow=\"2c894d1e\" data-elementor-lightbox-title=\"rymoil_laboratorio6\" data-e-action-hash=\"#elementor-action%3Aaction%3Dlightbox%26settings%3DeyJpZCI6NDQzLCJ1cmwiOiJodHRwczpcL1wvYS1nLXIuZXNcL3dwLWNvbnRlbnRcL3VwbG9hZHNcLzIwMjJcLzA1XC9yeW1vaWxfbGFib3JhdG9yaW82LmpwZyIsInNsaWRlc2hvdyI6IjJjODk0ZDFlIn0%3D\">\n\t\t\t\t\t<div class=\"e-gallery-image elementor-gallery-item__image\" data-thumbnail=\"https:\/\/a-g-r.es\/wp-content\/uploads\/2022\/05\/rymoil_laboratorio6.jpg\" data-width=\"640\" data-height=\"291\" aria-label=\"\" role=\"img\" ><\/div>\n\t\t\t\t\t\t\t\t\t\t\t<div class=\"elementor-gallery-item__overlay\"><\/div>\n\t\t\t\t\t\t\t\t\t\t\t\t\t\t\t<div class=\"elementor-gallery-item__content\">\n\t\t\t\t\t\t\t\t\t\t\t\t\t\t<div class=\"elementor-gallery-item__title\">\n\t\t\t\t\t\t\t\t\t\t\t\t\t\t\t\t\t\tAnalyse PCB dans l\u2019eau\t\t\t\t\t\t\t\t<\/div>\n\t\t\t\t\t\t\t\t\t\t\t\t<\/div>\n\t\t\t\t\t\t\t\t\t<\/a>\n\t\t\t\t\t<\/div>\n\t\t\t\t\t<\/div>\n\t\t\t\t\t<\/div>\n\t\t<\/div>\n\t\t\t\t\t<\/div>\n\t\t<\/section>\n\t\t\t\t<\/div>","protected":false},"excerpt":{"rendered":"<p>Laboratorio Laboratorio &#8211; Vista General _____ Laboratorio _____ Laboratorio La entrada de la totalidad de equipos y transformadores y los procesos de descontaminaci\u00f3n est\u00e1n sometidos a un riguroso control anal\u00edtico realizado en nuestro laboratorio. Adicionalmente, de acuerdo con los requisitos del plan de vigilancia ambiental recogido en la Autorizaci\u00f3n Ambiental Integrada, se lleva a cabo [&hellip;]<\/p>\n","protected":false},"author":3,"featured_media":1225,"parent":16,"menu_order":2,"comment_status":"closed","ping_status":"closed","template":"elementor_header_footer","meta":{"footnotes":""},"class_list":["post-428","page","type-page","status-publish","has-post-thumbnail","hentry"],"yoast_head":"<!-- This site is optimized with the Yoast SEO plugin v27.4 - https:\/\/yoast.com\/product\/yoast-seo-wordpress\/ -->\n<title>Laboratorio - AGR<\/title>\n<meta name=\"description\" content=\"El laboratorio cuenta con equipamiento y t\u00e9cnicas anal\u00edticas para realizar el an\u00e1lisis de PCB en cualquier matriz: aceites, agua, suelos, etc.\" \/>\n<meta name=\"robots\" content=\"index, follow, max-snippet:-1, max-image-preview:large, max-video-preview:-1\" \/>\n<link rel=\"canonical\" href=\"https:\/\/a-g-r.es\/fr\/empresa\/laboratorio\/\" \/>\n<meta property=\"og:locale\" content=\"fr_FR\" \/>\n<meta property=\"og:type\" content=\"article\" \/>\n<meta property=\"og:title\" content=\"Laboratorio - AGR\" \/>\n<meta property=\"og:description\" content=\"El laboratorio cuenta con equipamiento y t\u00e9cnicas anal\u00edticas para realizar el an\u00e1lisis de PCB en cualquier matriz: aceites, agua, suelos, etc.\" \/>\n<meta property=\"og:url\" content=\"https:\/\/a-g-r.es\/fr\/empresa\/laboratorio\/\" \/>\n<meta property=\"og:site_name\" content=\"AGR\" \/>\n<meta property=\"article:modified_time\" content=\"2022-11-24T19:57:38+00:00\" \/>\n<meta property=\"og:image\" content=\"https:\/\/a-g-r.es\/wp-content\/uploads\/2022\/11\/imagen-destacada.jpg\" \/>\n\t<meta property=\"og:image:width\" content=\"200\" \/>\n\t<meta property=\"og:image:height\" content=\"200\" \/>\n\t<meta property=\"og:image:type\" content=\"image\/jpeg\" \/>\n<meta name=\"twitter:card\" content=\"summary_large_image\" \/>\n<meta name=\"twitter:label1\" content=\"Dur\u00e9e de lecture estim\u00e9e\" \/>\n\t<meta name=\"twitter:data1\" content=\"1 minute\" \/>\n<script type=\"application\/ld+json\" class=\"yoast-schema-graph\">{\"@context\":\"https:\\\/\\\/schema.org\",\"@graph\":[{\"@type\":\"WebPage\",\"@id\":\"https:\\\/\\\/a-g-r.es\\\/empresa\\\/laboratorio\\\/\",\"url\":\"https:\\\/\\\/a-g-r.es\\\/empresa\\\/laboratorio\\\/\",\"name\":\"Laboratorio - AGR\",\"isPartOf\":{\"@id\":\"https:\\\/\\\/a-g-r.es\\\/#website\"},\"primaryImageOfPage\":{\"@id\":\"https:\\\/\\\/a-g-r.es\\\/empresa\\\/laboratorio\\\/#primaryimage\"},\"image\":{\"@id\":\"https:\\\/\\\/a-g-r.es\\\/empresa\\\/laboratorio\\\/#primaryimage\"},\"thumbnailUrl\":\"https:\\\/\\\/a-g-r.es\\\/wp-content\\\/uploads\\\/2022\\\/11\\\/imagen-destacada.jpg\",\"datePublished\":\"2022-05-23T09:22:29+00:00\",\"dateModified\":\"2022-11-24T19:57:38+00:00\",\"description\":\"El laboratorio cuenta con equipamiento y t\u00e9cnicas anal\u00edticas para realizar el an\u00e1lisis de PCB en cualquier matriz: aceites, agua, suelos, etc.\",\"breadcrumb\":{\"@id\":\"https:\\\/\\\/a-g-r.es\\\/empresa\\\/laboratorio\\\/#breadcrumb\"},\"inLanguage\":\"fr-FR\",\"potentialAction\":[{\"@type\":\"ReadAction\",\"target\":[\"https:\\\/\\\/a-g-r.es\\\/empresa\\\/laboratorio\\\/\"]}]},{\"@type\":\"ImageObject\",\"inLanguage\":\"fr-FR\",\"@id\":\"https:\\\/\\\/a-g-r.es\\\/empresa\\\/laboratorio\\\/#primaryimage\",\"url\":\"https:\\\/\\\/a-g-r.es\\\/wp-content\\\/uploads\\\/2022\\\/11\\\/imagen-destacada.jpg\",\"contentUrl\":\"https:\\\/\\\/a-g-r.es\\\/wp-content\\\/uploads\\\/2022\\\/11\\\/imagen-destacada.jpg\",\"width\":200,\"height\":200,\"caption\":\"AGR\"},{\"@type\":\"BreadcrumbList\",\"@id\":\"https:\\\/\\\/a-g-r.es\\\/empresa\\\/laboratorio\\\/#breadcrumb\",\"itemListElement\":[{\"@type\":\"ListItem\",\"position\":1,\"name\":\"Home\",\"item\":\"https:\\\/\\\/a-g-r.es\\\/\"},{\"@type\":\"ListItem\",\"position\":2,\"name\":\"Empresa\",\"item\":\"https:\\\/\\\/a-g-r.es\\\/empresa\\\/\"},{\"@type\":\"ListItem\",\"position\":3,\"name\":\"Laboratorio\"}]},{\"@type\":\"WebSite\",\"@id\":\"https:\\\/\\\/a-g-r.es\\\/#website\",\"url\":\"https:\\\/\\\/a-g-r.es\\\/\",\"name\":\"AGR\",\"description\":\"APROCHIM-GETESARPRYMOIL,S.A.\",\"publisher\":{\"@id\":\"https:\\\/\\\/a-g-r.es\\\/#organization\"},\"alternateName\":\"L\u00edder en Gesti\u00f3n Integral de Residuos Peligrosos con PCB\",\"potentialAction\":[{\"@type\":\"SearchAction\",\"target\":{\"@type\":\"EntryPoint\",\"urlTemplate\":\"https:\\\/\\\/a-g-r.es\\\/?s={search_term_string}\"},\"query-input\":{\"@type\":\"PropertyValueSpecification\",\"valueRequired\":true,\"valueName\":\"search_term_string\"}}],\"inLanguage\":\"fr-FR\"},{\"@type\":\"Organization\",\"@id\":\"https:\\\/\\\/a-g-r.es\\\/#organization\",\"name\":\"AGR\",\"alternateName\":\"L\u00edder en Gesti\u00f3n Integral de Residuos Peligrosos con PCB\",\"url\":\"https:\\\/\\\/a-g-r.es\\\/\",\"logo\":{\"@type\":\"ImageObject\",\"inLanguage\":\"fr-FR\",\"@id\":\"https:\\\/\\\/a-g-r.es\\\/#\\\/schema\\\/logo\\\/image\\\/\",\"url\":\"https:\\\/\\\/a-g-r.es\\\/wp-content\\\/uploads\\\/2022\\\/05\\\/logo.png\",\"contentUrl\":\"https:\\\/\\\/a-g-r.es\\\/wp-content\\\/uploads\\\/2022\\\/05\\\/logo.png\",\"width\":212,\"height\":61,\"caption\":\"AGR\"},\"image\":{\"@id\":\"https:\\\/\\\/a-g-r.es\\\/#\\\/schema\\\/logo\\\/image\\\/\"}}]}<\/script>\n<!-- \/ Yoast SEO plugin. -->","yoast_head_json":{"title":"Laboratorio - AGR","description":"Le laboratoire dispose d\u2019\u00e9quipements et de techniques analytiques pour effectuer des analyses de PCB sur n\u2019importe quelle matrice: huiles, eau, sols, etc.","robots":{"index":"index","follow":"follow","max-snippet":"max-snippet:-1","max-image-preview":"max-image-preview:large","max-video-preview":"max-video-preview:-1"},"canonical":"https:\/\/a-g-r.es\/fr\/empresa\/laboratorio\/","og_locale":"fr_FR","og_type":"article","og_title":"Laboratorio - AGR","og_description":"El laboratorio cuenta con equipamiento y t\u00e9cnicas anal\u00edticas para realizar el an\u00e1lisis de PCB en cualquier matriz: aceites, agua, suelos, etc.","og_url":"https:\/\/a-g-r.es\/fr\/empresa\/laboratorio\/","og_site_name":"AGR","article_modified_time":"2022-11-24T19:57:38+00:00","og_image":[{"width":200,"height":200,"url":"https:\/\/a-g-r.es\/wp-content\/uploads\/2022\/11\/imagen-destacada.jpg","type":"image\/jpeg"}],"twitter_card":"summary_large_image","twitter_misc":{"Dur\u00e9e de lecture estim\u00e9e":"1 minute"},"schema":{"@context":"https:\/\/schema.org","@graph":[{"@type":"WebPage","@id":"https:\/\/a-g-r.es\/empresa\/laboratorio\/","url":"https:\/\/a-g-r.es\/empresa\/laboratorio\/","name":"Laboratorio - AGR","isPartOf":{"@id":"https:\/\/a-g-r.es\/#website"},"primaryImageOfPage":{"@id":"https:\/\/a-g-r.es\/empresa\/laboratorio\/#primaryimage"},"image":{"@id":"https:\/\/a-g-r.es\/empresa\/laboratorio\/#primaryimage"},"thumbnailUrl":"https:\/\/a-g-r.es\/wp-content\/uploads\/2022\/11\/imagen-destacada.jpg","datePublished":"2022-05-23T09:22:29+00:00","dateModified":"2022-11-24T19:57:38+00:00","description":"Le laboratoire dispose d\u2019\u00e9quipements et de techniques analytiques pour effectuer des analyses de PCB sur n\u2019importe quelle matrice: huiles, eau, sols, etc.","breadcrumb":{"@id":"https:\/\/a-g-r.es\/empresa\/laboratorio\/#breadcrumb"},"inLanguage":"fr-FR","potentialAction":[{"@type":"ReadAction","target":["https:\/\/a-g-r.es\/empresa\/laboratorio\/"]}]},{"@type":"ImageObject","inLanguage":"fr-FR","@id":"https:\/\/a-g-r.es\/empresa\/laboratorio\/#primaryimage","url":"https:\/\/a-g-r.es\/wp-content\/uploads\/2022\/11\/imagen-destacada.jpg","contentUrl":"https:\/\/a-g-r.es\/wp-content\/uploads\/2022\/11\/imagen-destacada.jpg","width":200,"height":200,"caption":"AGR"},{"@type":"BreadcrumbList","@id":"https:\/\/a-g-r.es\/empresa\/laboratorio\/#breadcrumb","itemListElement":[{"@type":"ListItem","position":1,"name":"Home","item":"https:\/\/a-g-r.es\/"},{"@type":"ListItem","position":2,"name":"Empresa","item":"https:\/\/a-g-r.es\/empresa\/"},{"@type":"ListItem","position":3,"name":"Laboratorio"}]},{"@type":"WebSite","@id":"https:\/\/a-g-r.es\/#website","url":"https:\/\/a-g-r.es\/","name":"AGR","description":"APROCHIM-GETESARPRYMOIL,S.A.","publisher":{"@id":"https:\/\/a-g-r.es\/#organization"},"alternateName":"L\u00edder en Gesti\u00f3n Integral de Residuos Peligrosos con PCB","potentialAction":[{"@type":"SearchAction","target":{"@type":"EntryPoint","urlTemplate":"https:\/\/a-g-r.es\/?s={search_term_string}"},"query-input":{"@type":"PropertyValueSpecification","valueRequired":true,"valueName":"search_term_string"}}],"inLanguage":"fr-FR"},{"@type":"Organization","@id":"https:\/\/a-g-r.es\/#organization","name":"AGR","alternateName":"L\u00edder en Gesti\u00f3n Integral de Residuos Peligrosos con PCB","url":"https:\/\/a-g-r.es\/","logo":{"@type":"ImageObject","inLanguage":"fr-FR","@id":"https:\/\/a-g-r.es\/#\/schema\/logo\/image\/","url":"https:\/\/a-g-r.es\/wp-content\/uploads\/2022\/05\/logo.png","contentUrl":"https:\/\/a-g-r.es\/wp-content\/uploads\/2022\/05\/logo.png","width":212,"height":61,"caption":"AGR"},"image":{"@id":"https:\/\/a-g-r.es\/#\/schema\/logo\/image\/"}}]}},"_links":{"self":[{"href":"https:\/\/a-g-r.es\/fr\/wp-json\/wp\/v2\/pages\/428","targetHints":{"allow":["GET"]}}],"collection":[{"href":"https:\/\/a-g-r.es\/fr\/wp-json\/wp\/v2\/pages"}],"about":[{"href":"https:\/\/a-g-r.es\/fr\/wp-json\/wp\/v2\/types\/page"}],"author":[{"embeddable":true,"href":"https:\/\/a-g-r.es\/fr\/wp-json\/wp\/v2\/users\/3"}],"replies":[{"embeddable":true,"href":"https:\/\/a-g-r.es\/fr\/wp-json\/wp\/v2\/comments?post=428"}],"version-history":[{"count":7,"href":"https:\/\/a-g-r.es\/fr\/wp-json\/wp\/v2\/pages\/428\/revisions"}],"predecessor-version":[{"id":1232,"href":"https:\/\/a-g-r.es\/fr\/wp-json\/wp\/v2\/pages\/428\/revisions\/1232"}],"up":[{"embeddable":true,"href":"https:\/\/a-g-r.es\/fr\/wp-json\/wp\/v2\/pages\/16"}],"wp:featuredmedia":[{"embeddable":true,"href":"https:\/\/a-g-r.es\/fr\/wp-json\/wp\/v2\/media\/1225"}],"wp:attachment":[{"href":"https:\/\/a-g-r.es\/fr\/wp-json\/wp\/v2\/media?parent=428"}],"curies":[{"name":"wp","href":"https:\/\/api.w.org\/{rel}","templated":true}]}}