{"id":505,"date":"2022-05-23T11:41:48","date_gmt":"2022-05-23T09:41:48","guid":{"rendered":"http:\/\/a-g-r.es\/?page_id=505"},"modified":"2022-11-24T21:30:26","modified_gmt":"2022-11-24T20:30:26","slug":"gestion-y-tratamiento-de-transformadores-con-pcb","status":"publish","type":"page","link":"https:\/\/a-g-r.es\/fr\/servicios\/gestion-y-tratamiento-de-transformadores-con-pcb\/","title":{"rendered":"Gestion et traitement des transformateurs avec des PCB"},"content":{"rendered":"<div data-elementor-type=\"wp-page\" data-elementor-id=\"505\" class=\"elementor elementor-505\" data-elementor-post-type=\"page\">\n\t\t\t\t\t\t<section class=\"elementor-section elementor-top-section elementor-element elementor-element-2fb7a2f9 elementor-section-full_width elementor-section-content-middle elementor-section-height-default elementor-section-height-default\" data-id=\"2fb7a2f9\" data-element_type=\"section\" data-e-type=\"section\" data-settings=\"{&quot;background_background&quot;:&quot;classic&quot;}\">\n\t\t\t\t\t\t\t<div class=\"elementor-background-overlay\"><\/div>\n\t\t\t\t\t\t\t<div class=\"elementor-container elementor-column-gap-default\">\n\t\t\t\t\t<div class=\"elementor-column elementor-col-100 elementor-top-column elementor-element elementor-element-4cc03b83\" data-id=\"4cc03b83\" data-element_type=\"column\" data-e-type=\"column\">\n\t\t\t<div class=\"elementor-widget-wrap elementor-element-populated\">\n\t\t\t\t\t\t<div class=\"elementor-element elementor-element-2d71cb95 elementor-widget elementor-widget-heading\" data-id=\"2d71cb95\" data-element_type=\"widget\" data-e-type=\"widget\" data-widget_type=\"heading.default\">\n\t\t\t\t\t<h2 class=\"elementor-heading-title elementor-size-default\">Gestion et traitement des transformateurs PCB<\/h2>\t\t\t\t<\/div>\n\t\t\t\t\t<\/div>\n\t\t<\/div>\n\t\t\t\t\t<\/div>\n\t\t<\/section>\n\t\t\t\t<section class=\"elementor-section elementor-top-section elementor-element elementor-element-51782cb1 elementor-section-full_width elementor-section-content-middle elementor-section-height-default elementor-section-height-default\" data-id=\"51782cb1\" data-element_type=\"section\" data-e-type=\"section\">\n\t\t\t\t\t\t<div class=\"elementor-container elementor-column-gap-default\">\n\t\t\t\t\t<div class=\"elementor-column elementor-col-50 elementor-top-column elementor-element elementor-element-3248b173\" data-id=\"3248b173\" data-element_type=\"column\" data-e-type=\"column\">\n\t\t\t<div class=\"elementor-widget-wrap elementor-element-populated\">\n\t\t\t\t\t\t<div class=\"elementor-element elementor-element-61aebb9a elementor-widget elementor-widget-image\" data-id=\"61aebb9a\" data-element_type=\"widget\" data-e-type=\"widget\" data-widget_type=\"image.default\">\n\t\t\t\t\t\t\t\t\t\t\t\t\t\t\t<img fetchpriority=\"high\" decoding=\"async\" width=\"782\" height=\"356\" src=\"https:\/\/a-g-r.es\/wp-content\/uploads\/2022\/05\/gestionytratamineto.jpg\" class=\"attachment-full size-full wp-image-509\" alt=\"\" srcset=\"https:\/\/a-g-r.es\/wp-content\/uploads\/2022\/05\/gestionytratamineto.jpg 782w, https:\/\/a-g-r.es\/wp-content\/uploads\/2022\/05\/gestionytratamineto-300x137.jpg 300w, https:\/\/a-g-r.es\/wp-content\/uploads\/2022\/05\/gestionytratamineto-768x350.jpg 768w, https:\/\/a-g-r.es\/wp-content\/uploads\/2022\/05\/gestionytratamineto-18x8.jpg 18w\" sizes=\"(max-width: 782px) 100vw, 782px\" \/>\t\t\t\t\t\t\t\t\t\t\t\t\t\t\t<\/div>\n\t\t\t\t<div class=\"elementor-element elementor-element-58b2a193 elementor-widget elementor-widget-heading\" data-id=\"58b2a193\" data-element_type=\"widget\" data-e-type=\"widget\" data-widget_type=\"heading.default\">\n\t\t\t\t\t<h2 class=\"elementor-heading-title elementor-size-default\">Entrep\u00f4t de r\u00e9ception de transformateurs<\/h2>\t\t\t\t<\/div>\n\t\t\t\t\t<\/div>\n\t\t<\/div>\n\t\t\t\t<div class=\"elementor-column elementor-col-50 elementor-top-column elementor-element elementor-element-6dad1f1f\" data-id=\"6dad1f1f\" data-element_type=\"column\" data-e-type=\"column\">\n\t\t\t<div class=\"elementor-widget-wrap elementor-element-populated\">\n\t\t\t\t\t\t<div class=\"elementor-element elementor-element-47462eb elementor-widget elementor-widget-heading\" data-id=\"47462eb\" data-element_type=\"widget\" data-e-type=\"widget\" data-widget_type=\"heading.default\">\n\t\t\t\t\t<h2 class=\"elementor-heading-title elementor-size-default\">_____ <b>Services<\/b> _____<\/h2>\t\t\t\t<\/div>\n\t\t\t\t<div class=\"elementor-element elementor-element-6119e491 elementor-widget elementor-widget-heading\" data-id=\"6119e491\" data-element_type=\"widget\" data-e-type=\"widget\" data-widget_type=\"heading.default\">\n\t\t\t\t\t<h2 class=\"elementor-heading-title elementor-size-default\">Gestion et traitement des transformateurs PCB<\/h2>\t\t\t\t<\/div>\n\t\t\t\t<div class=\"elementor-element elementor-element-7f4c7189 elementor-widget elementor-widget-text-editor\" data-id=\"7f4c7189\" data-element_type=\"widget\" data-e-type=\"widget\" data-widget_type=\"text-editor.default\">\n\t\t\t\t\t\t\t\t\t<p><strong>AGR<\/strong> effectue la gestion des documents, le transfert de d\u00e9chets dans des v\u00e9hicules avec ADR, le traitement de d\u00e9contamination, l\u2019\u00e9limination des PCB, le recyclage des m\u00e9taux, la d\u00e9livrance du certificat de destruction et l\u2019envoi des documents requis aux autorit\u00e9s concern\u00e9es.<\/p><p><strong>Lors du transfert de d\u00e9chets sur le territoire de l\u2019\u00c9tat, AGR effectue le transfert de d\u00e9chets au moment du chargement dans les installations du client.<\/strong><\/p>\t\t\t\t\t\t\t\t<\/div>\n\t\t\t\t\t<\/div>\n\t\t<\/div>\n\t\t\t\t\t<\/div>\n\t\t<\/section>\n\t\t\t\t<section class=\"elementor-section elementor-top-section elementor-element elementor-element-42e6948b elementor-section-full_width elementor-section-content-middle elementor-section-height-default elementor-section-height-default\" data-id=\"42e6948b\" data-element_type=\"section\" data-e-type=\"section\">\n\t\t\t\t\t\t<div class=\"elementor-container elementor-column-gap-default\">\n\t\t\t\t\t<div class=\"elementor-column elementor-col-100 elementor-top-column elementor-element elementor-element-62a1671f\" data-id=\"62a1671f\" data-element_type=\"column\" data-e-type=\"column\">\n\t\t\t<div class=\"elementor-widget-wrap elementor-element-populated\">\n\t\t\t\t\t\t<div class=\"elementor-element elementor-element-de4690e elementor-tabs-view-vertical elementor-widget elementor-widget-tabs\" data-id=\"de4690e\" data-element_type=\"widget\" data-e-type=\"widget\" data-widget_type=\"tabs.default\">\n\t\t\t\t\t\t\t<div class=\"elementor-tabs\">\n\t\t\t<div class=\"elementor-tabs-wrapper\" role=\"tablist\" >\n\t\t\t\t\t\t\t\t\t<div id=\"elementor-tab-title-2331\" class=\"elementor-tab-title elementor-tab-desktop-title\" aria-selected=\"true\" data-tab=\"1\" role=\"tab\" tabindex=\"0\" aria-controls=\"elementor-tab-content-2331\" aria-expanded=\"false\">PROCESSUS DE GESTION ET DE TRAITEMENT DES TRANSFORMATEURS AVEC PCB<\/div>\n\t\t\t\t\t\t\t<\/div>\n\t\t\t<div class=\"elementor-tabs-content-wrapper\" role=\"tablist\" aria-orientation=\"vertical\">\n\t\t\t\t\t\t\t\t\t<div class=\"elementor-tab-title elementor-tab-mobile-title\" aria-selected=\"true\" data-tab=\"1\" role=\"tab\" tabindex=\"0\" aria-controls=\"elementor-tab-content-2331\" aria-expanded=\"false\">PROCESSUS DE GESTION ET DE TRAITEMENT DES TRANSFORMATEURS AVEC PCB<\/div>\n\t\t\t\t\t<div id=\"elementor-tab-content-2331\" class=\"elementor-tab-content elementor-clearfix\" data-tab=\"1\" role=\"tabpanel\" aria-labelledby=\"elementor-tab-title-2331\" tabindex=\"0\" hidden=\"false\"><p><strong>PROCESSUS DE GESTION ET DE TRAITEMENT DES TRANSFORMATEURS AVEC PCB<\/strong><\/p><p>La d\u00e9contamination est effectu\u00e9e par autoclave, \u00e0 l\u2019aide d\u2019un solvant commercial.<\/p><p><img decoding=\"async\" class=\"alignnone wp-image-513 size-full\" src=\"http:\/\/a-g-r.es\/wp-content\/uploads\/2022\/05\/procesodegestionytratamientodetranssformadoresconpcb.jpg\" alt=\"\" width=\"690\" height=\"404\" srcset=\"https:\/\/a-g-r.es\/wp-content\/uploads\/2022\/05\/procesodegestionytratamientodetranssformadoresconpcb.jpg 690w, https:\/\/a-g-r.es\/wp-content\/uploads\/2022\/05\/procesodegestionytratamientodetranssformadoresconpcb-300x176.jpg 300w, https:\/\/a-g-r.es\/wp-content\/uploads\/2022\/05\/procesodegestionytratamientodetranssformadoresconpcb-18x12.jpg 18w\" sizes=\"(max-width: 690px) 100vw, 690px\" \/><\/p><p>Sch\u00e9ma du processus de gestion et de traitement des transformateurs avec des PCB.<\/p><\/div>\n\t\t\t\t\t\t\t<\/div>\n\t\t<\/div>\n\t\t\t\t\t\t<\/div>\n\t\t\t\t<div class=\"elementor-element elementor-element-264e1877 elementor-widget elementor-widget-gallery\" data-id=\"264e1877\" data-element_type=\"widget\" data-e-type=\"widget\" data-settings=\"{&quot;columns&quot;:3,&quot;gap&quot;:{&quot;unit&quot;:&quot;px&quot;,&quot;size&quot;:30,&quot;sizes&quot;:[]},&quot;aspect_ratio&quot;:&quot;16:9&quot;,&quot;overlay_title&quot;:&quot;caption&quot;,&quot;image_hover_animation&quot;:&quot;grow&quot;,&quot;lazyload&quot;:&quot;yes&quot;,&quot;gallery_layout&quot;:&quot;grid&quot;,&quot;columns_tablet&quot;:2,&quot;columns_mobile&quot;:1,&quot;gap_tablet&quot;:{&quot;unit&quot;:&quot;px&quot;,&quot;size&quot;:10,&quot;sizes&quot;:[]},&quot;gap_mobile&quot;:{&quot;unit&quot;:&quot;px&quot;,&quot;size&quot;:10,&quot;sizes&quot;:[]},&quot;link_to&quot;:&quot;file&quot;,&quot;overlay_background&quot;:&quot;yes&quot;,&quot;content_hover_animation&quot;:&quot;fade-in&quot;}\" data-widget_type=\"gallery.default\">\n\t\t\t\t\t\t\t<div class=\"elementor-gallery__container\">\n\t\t\t\t\t\t\t<a class=\"e-gallery-item elementor-gallery-item elementor-animated-content\" href=\"https:\/\/a-g-r.es\/wp-content\/uploads\/2022\/05\/trituracion.jpg\" data-elementor-open-lightbox=\"yes\" data-elementor-lightbox-slideshow=\"264e1877\" data-elementor-lightbox-title=\"trituracion\" data-e-action-hash=\"#elementor-action%3Aaction%3Dlightbox%26settings%3DeyJpZCI6NTE5LCJ1cmwiOiJodHRwczpcL1wvYS1nLXIuZXNcL3dwLWNvbnRlbnRcL3VwbG9hZHNcLzIwMjJcLzA1XC90cml0dXJhY2lvbi5qcGciLCJzbGlkZXNob3ciOiIyNjRlMTg3NyJ9\">\n\t\t\t\t\t<div class=\"e-gallery-image elementor-gallery-item__image\" data-thumbnail=\"https:\/\/a-g-r.es\/wp-content\/uploads\/2022\/05\/trituracion.jpg\" data-width=\"782\" data-height=\"356\" aria-label=\"\" role=\"img\" ><\/div>\n\t\t\t\t\t\t\t\t\t\t\t<div class=\"elementor-gallery-item__overlay\"><\/div>\n\t\t\t\t\t\t\t\t\t\t\t\t\t\t\t<div class=\"elementor-gallery-item__content\">\n\t\t\t\t\t\t\t\t\t\t\t\t\t\t<div class=\"elementor-gallery-item__title\">\n\t\t\t\t\t\t\t\t\t\t\t\t\t\t\t\t\t\tBroyage\t\t\t\t\t\t\t\t<\/div>\n\t\t\t\t\t\t\t\t\t\t\t\t<\/div>\n\t\t\t\t\t\t\t\t\t<\/a>\n\t\t\t\t\t\t\t<a class=\"e-gallery-item elementor-gallery-item elementor-animated-content\" href=\"https:\/\/a-g-r.es\/wp-content\/uploads\/2022\/05\/autoclaves_descontaminacion.jpg\" data-elementor-open-lightbox=\"yes\" data-elementor-lightbox-slideshow=\"264e1877\" data-elementor-lightbox-title=\"autoclaves_descontaminacion\" data-e-action-hash=\"#elementor-action%3Aaction%3Dlightbox%26settings%3DeyJpZCI6NTE4LCJ1cmwiOiJodHRwczpcL1wvYS1nLXIuZXNcL3dwLWNvbnRlbnRcL3VwbG9hZHNcLzIwMjJcLzA1XC9hdXRvY2xhdmVzX2Rlc2NvbnRhbWluYWNpb24uanBnIiwic2xpZGVzaG93IjoiMjY0ZTE4NzcifQ%3D%3D\">\n\t\t\t\t\t<div class=\"e-gallery-image elementor-gallery-item__image\" data-thumbnail=\"https:\/\/a-g-r.es\/wp-content\/uploads\/2022\/05\/autoclaves_descontaminacion.jpg\" data-width=\"782\" data-height=\"356\" aria-label=\"\" role=\"img\" ><\/div>\n\t\t\t\t\t\t\t\t\t\t\t<div class=\"elementor-gallery-item__overlay\"><\/div>\n\t\t\t\t\t\t\t\t\t\t\t\t\t\t\t<div class=\"elementor-gallery-item__content\">\n\t\t\t\t\t\t\t\t\t\t\t\t\t\t<div class=\"elementor-gallery-item__title\">\n\t\t\t\t\t\t\t\t\t\t\t\t\t\t\t\t\t\tAutoclaves de d\u00e9contamination\t\t\t\t\t\t\t\t<\/div>\n\t\t\t\t\t\t\t\t\t\t\t\t<\/div>\n\t\t\t\t\t\t\t\t\t<\/a>\n\t\t\t\t\t\t\t<a class=\"e-gallery-item elementor-gallery-item elementor-animated-content\" href=\"https:\/\/a-g-r.es\/wp-content\/uploads\/2022\/05\/desmontaje_equipos.jpg\" data-elementor-open-lightbox=\"yes\" data-elementor-lightbox-slideshow=\"264e1877\" data-elementor-lightbox-title=\"desmontaje_equipos\" data-e-action-hash=\"#elementor-action%3Aaction%3Dlightbox%26settings%3DeyJpZCI6NTE3LCJ1cmwiOiJodHRwczpcL1wvYS1nLXIuZXNcL3dwLWNvbnRlbnRcL3VwbG9hZHNcLzIwMjJcLzA1XC9kZXNtb250YWplX2VxdWlwb3MuanBnIiwic2xpZGVzaG93IjoiMjY0ZTE4NzcifQ%3D%3D\">\n\t\t\t\t\t<div class=\"e-gallery-image elementor-gallery-item__image\" data-thumbnail=\"https:\/\/a-g-r.es\/wp-content\/uploads\/2022\/05\/desmontaje_equipos.jpg\" data-width=\"782\" data-height=\"356\" aria-label=\"\" role=\"img\" ><\/div>\n\t\t\t\t\t\t\t\t\t\t\t<div class=\"elementor-gallery-item__overlay\"><\/div>\n\t\t\t\t\t\t\t\t\t\t\t\t\t\t\t<div class=\"elementor-gallery-item__content\">\n\t\t\t\t\t\t\t\t\t\t\t\t\t\t<div class=\"elementor-gallery-item__title\">\n\t\t\t\t\t\t\t\t\t\t\t\t\t\t\t\t\t\tD\u00e9mant\u00e8lement de l\u2019\u00e9quipement\t\t\t\t\t\t\t\t<\/div>\n\t\t\t\t\t\t\t\t\t\t\t\t<\/div>\n\t\t\t\t\t\t\t\t\t<\/a>\n\t\t\t\t\t<\/div>\n\t\t\t\t\t<\/div>\n\t\t\t\t\t<\/div>\n\t\t<\/div>\n\t\t\t\t\t<\/div>\n\t\t<\/section>\n\t\t\t\t<\/div>","protected":false},"excerpt":{"rendered":"<p>Gesti\u00f3n y tratamiento de transformadores de PCB Nave recepci\u00f3n de transformadores _____ Servicios _____ Gesti\u00f3n y tratamiento de transformadores de PCB AGR realiza la gesti\u00f3n documental, el traslado de los residuos en veh\u00edculos con ADR, el tratamiento de descontaminaci\u00f3n, la eliminaci\u00f3n del PCB, el reciclado de los metales, la emisi\u00f3n del certificado de destrucci\u00f3n y [&hellip;]<\/p>\n","protected":false},"author":3,"featured_media":1225,"parent":17,"menu_order":2,"comment_status":"closed","ping_status":"closed","template":"elementor_header_footer","meta":{"footnotes":""},"class_list":["post-505","page","type-page","status-publish","has-post-thumbnail","hentry"],"yoast_head":"<!-- This site is optimized with the Yoast SEO plugin v27.4 - https:\/\/yoast.com\/product\/yoast-seo-wordpress\/ -->\n<title>Gesti\u00f3n y tratamiento de transformadores con PCB - AGR<\/title>\n<meta name=\"description\" content=\"M\u00e1s de 25 a\u00f1os de Experiencia en la Gesti\u00f3n de Residuos. Desde 1995 de la mano de l\u00edderes europeos en el tratamiento de residuos con PCB\" \/>\n<meta name=\"robots\" content=\"index, follow, max-snippet:-1, max-image-preview:large, max-video-preview:-1\" \/>\n<link rel=\"canonical\" href=\"https:\/\/a-g-r.es\/fr\/servicios\/gestion-y-tratamiento-de-transformadores-con-pcb\/\" \/>\n<meta property=\"og:locale\" content=\"fr_FR\" \/>\n<meta property=\"og:type\" content=\"article\" \/>\n<meta property=\"og:title\" content=\"Gesti\u00f3n y tratamiento de transformadores con PCB - AGR\" \/>\n<meta property=\"og:description\" content=\"M\u00e1s de 25 a\u00f1os de Experiencia en la Gesti\u00f3n de Residuos. Desde 1995 de la mano de l\u00edderes europeos en el tratamiento de residuos con PCB\" \/>\n<meta property=\"og:url\" content=\"https:\/\/a-g-r.es\/fr\/servicios\/gestion-y-tratamiento-de-transformadores-con-pcb\/\" \/>\n<meta property=\"og:site_name\" content=\"AGR\" \/>\n<meta property=\"article:modified_time\" content=\"2022-11-24T20:30:26+00:00\" \/>\n<meta property=\"og:image\" content=\"https:\/\/a-g-r.es\/wp-content\/uploads\/2022\/11\/imagen-destacada.jpg\" \/>\n\t<meta property=\"og:image:width\" content=\"200\" \/>\n\t<meta property=\"og:image:height\" content=\"200\" \/>\n\t<meta property=\"og:image:type\" content=\"image\/jpeg\" \/>\n<meta name=\"twitter:card\" content=\"summary_large_image\" \/>\n<meta name=\"twitter:label1\" content=\"Dur\u00e9e de lecture estim\u00e9e\" \/>\n\t<meta name=\"twitter:data1\" content=\"2 minutes\" \/>\n<script type=\"application\/ld+json\" class=\"yoast-schema-graph\">{\"@context\":\"https:\\\/\\\/schema.org\",\"@graph\":[{\"@type\":\"WebPage\",\"@id\":\"https:\\\/\\\/a-g-r.es\\\/servicios\\\/gestion-y-tratamiento-de-transformadores-con-pcb\\\/\",\"url\":\"https:\\\/\\\/a-g-r.es\\\/servicios\\\/gestion-y-tratamiento-de-transformadores-con-pcb\\\/\",\"name\":\"Gesti\u00f3n y tratamiento de transformadores con PCB - AGR\",\"isPartOf\":{\"@id\":\"https:\\\/\\\/a-g-r.es\\\/#website\"},\"primaryImageOfPage\":{\"@id\":\"https:\\\/\\\/a-g-r.es\\\/servicios\\\/gestion-y-tratamiento-de-transformadores-con-pcb\\\/#primaryimage\"},\"image\":{\"@id\":\"https:\\\/\\\/a-g-r.es\\\/servicios\\\/gestion-y-tratamiento-de-transformadores-con-pcb\\\/#primaryimage\"},\"thumbnailUrl\":\"https:\\\/\\\/a-g-r.es\\\/wp-content\\\/uploads\\\/2022\\\/11\\\/imagen-destacada.jpg\",\"datePublished\":\"2022-05-23T09:41:48+00:00\",\"dateModified\":\"2022-11-24T20:30:26+00:00\",\"description\":\"M\u00e1s de 25 a\u00f1os de Experiencia en la Gesti\u00f3n de Residuos. Desde 1995 de la mano de l\u00edderes europeos en el tratamiento de residuos con PCB\",\"breadcrumb\":{\"@id\":\"https:\\\/\\\/a-g-r.es\\\/servicios\\\/gestion-y-tratamiento-de-transformadores-con-pcb\\\/#breadcrumb\"},\"inLanguage\":\"fr-FR\",\"potentialAction\":[{\"@type\":\"ReadAction\",\"target\":[\"https:\\\/\\\/a-g-r.es\\\/servicios\\\/gestion-y-tratamiento-de-transformadores-con-pcb\\\/\"]}]},{\"@type\":\"ImageObject\",\"inLanguage\":\"fr-FR\",\"@id\":\"https:\\\/\\\/a-g-r.es\\\/servicios\\\/gestion-y-tratamiento-de-transformadores-con-pcb\\\/#primaryimage\",\"url\":\"https:\\\/\\\/a-g-r.es\\\/wp-content\\\/uploads\\\/2022\\\/11\\\/imagen-destacada.jpg\",\"contentUrl\":\"https:\\\/\\\/a-g-r.es\\\/wp-content\\\/uploads\\\/2022\\\/11\\\/imagen-destacada.jpg\",\"width\":200,\"height\":200,\"caption\":\"AGR\"},{\"@type\":\"BreadcrumbList\",\"@id\":\"https:\\\/\\\/a-g-r.es\\\/servicios\\\/gestion-y-tratamiento-de-transformadores-con-pcb\\\/#breadcrumb\",\"itemListElement\":[{\"@type\":\"ListItem\",\"position\":1,\"name\":\"Home\",\"item\":\"https:\\\/\\\/a-g-r.es\\\/\"},{\"@type\":\"ListItem\",\"position\":2,\"name\":\"Servicios\",\"item\":\"https:\\\/\\\/a-g-r.es\\\/servicios\\\/\"},{\"@type\":\"ListItem\",\"position\":3,\"name\":\"Gesti\u00f3n y tratamiento de transformadores con PCB\"}]},{\"@type\":\"WebSite\",\"@id\":\"https:\\\/\\\/a-g-r.es\\\/#website\",\"url\":\"https:\\\/\\\/a-g-r.es\\\/\",\"name\":\"AGR\",\"description\":\"APROCHIM-GETESARPRYMOIL,S.A.\",\"publisher\":{\"@id\":\"https:\\\/\\\/a-g-r.es\\\/#organization\"},\"alternateName\":\"L\u00edder en Gesti\u00f3n Integral de Residuos Peligrosos con PCB\",\"potentialAction\":[{\"@type\":\"SearchAction\",\"target\":{\"@type\":\"EntryPoint\",\"urlTemplate\":\"https:\\\/\\\/a-g-r.es\\\/?s={search_term_string}\"},\"query-input\":{\"@type\":\"PropertyValueSpecification\",\"valueRequired\":true,\"valueName\":\"search_term_string\"}}],\"inLanguage\":\"fr-FR\"},{\"@type\":\"Organization\",\"@id\":\"https:\\\/\\\/a-g-r.es\\\/#organization\",\"name\":\"AGR\",\"alternateName\":\"L\u00edder en Gesti\u00f3n Integral de Residuos Peligrosos con PCB\",\"url\":\"https:\\\/\\\/a-g-r.es\\\/\",\"logo\":{\"@type\":\"ImageObject\",\"inLanguage\":\"fr-FR\",\"@id\":\"https:\\\/\\\/a-g-r.es\\\/#\\\/schema\\\/logo\\\/image\\\/\",\"url\":\"https:\\\/\\\/a-g-r.es\\\/wp-content\\\/uploads\\\/2022\\\/05\\\/logo.png\",\"contentUrl\":\"https:\\\/\\\/a-g-r.es\\\/wp-content\\\/uploads\\\/2022\\\/05\\\/logo.png\",\"width\":212,\"height\":61,\"caption\":\"AGR\"},\"image\":{\"@id\":\"https:\\\/\\\/a-g-r.es\\\/#\\\/schema\\\/logo\\\/image\\\/\"}}]}<\/script>\n<!-- \/ Yoast SEO plugin. -->","yoast_head_json":{"title":"Gesti\u00f3n y tratamiento de transformadores con PCB - AGR","description":"M\u00e1s de 25 a\u00f1os de Experiencia en la Gesti\u00f3n de Residuos. Desde 1995 de la mano de l\u00edderes europeos en el tratamiento de residuos con PCB","robots":{"index":"index","follow":"follow","max-snippet":"max-snippet:-1","max-image-preview":"max-image-preview:large","max-video-preview":"max-video-preview:-1"},"canonical":"https:\/\/a-g-r.es\/fr\/servicios\/gestion-y-tratamiento-de-transformadores-con-pcb\/","og_locale":"fr_FR","og_type":"article","og_title":"Gesti\u00f3n y tratamiento de transformadores con PCB - AGR","og_description":"M\u00e1s de 25 a\u00f1os de Experiencia en la Gesti\u00f3n de Residuos. Desde 1995 de la mano de l\u00edderes europeos en el tratamiento de residuos con PCB","og_url":"https:\/\/a-g-r.es\/fr\/servicios\/gestion-y-tratamiento-de-transformadores-con-pcb\/","og_site_name":"AGR","article_modified_time":"2022-11-24T20:30:26+00:00","og_image":[{"width":200,"height":200,"url":"https:\/\/a-g-r.es\/wp-content\/uploads\/2022\/11\/imagen-destacada.jpg","type":"image\/jpeg"}],"twitter_card":"summary_large_image","twitter_misc":{"Dur\u00e9e de lecture estim\u00e9e":"2 minutes"},"schema":{"@context":"https:\/\/schema.org","@graph":[{"@type":"WebPage","@id":"https:\/\/a-g-r.es\/servicios\/gestion-y-tratamiento-de-transformadores-con-pcb\/","url":"https:\/\/a-g-r.es\/servicios\/gestion-y-tratamiento-de-transformadores-con-pcb\/","name":"Gesti\u00f3n y tratamiento de transformadores con PCB - AGR","isPartOf":{"@id":"https:\/\/a-g-r.es\/#website"},"primaryImageOfPage":{"@id":"https:\/\/a-g-r.es\/servicios\/gestion-y-tratamiento-de-transformadores-con-pcb\/#primaryimage"},"image":{"@id":"https:\/\/a-g-r.es\/servicios\/gestion-y-tratamiento-de-transformadores-con-pcb\/#primaryimage"},"thumbnailUrl":"https:\/\/a-g-r.es\/wp-content\/uploads\/2022\/11\/imagen-destacada.jpg","datePublished":"2022-05-23T09:41:48+00:00","dateModified":"2022-11-24T20:30:26+00:00","description":"M\u00e1s de 25 a\u00f1os de Experiencia en la Gesti\u00f3n de Residuos. Desde 1995 de la mano de l\u00edderes europeos en el tratamiento de residuos con PCB","breadcrumb":{"@id":"https:\/\/a-g-r.es\/servicios\/gestion-y-tratamiento-de-transformadores-con-pcb\/#breadcrumb"},"inLanguage":"fr-FR","potentialAction":[{"@type":"ReadAction","target":["https:\/\/a-g-r.es\/servicios\/gestion-y-tratamiento-de-transformadores-con-pcb\/"]}]},{"@type":"ImageObject","inLanguage":"fr-FR","@id":"https:\/\/a-g-r.es\/servicios\/gestion-y-tratamiento-de-transformadores-con-pcb\/#primaryimage","url":"https:\/\/a-g-r.es\/wp-content\/uploads\/2022\/11\/imagen-destacada.jpg","contentUrl":"https:\/\/a-g-r.es\/wp-content\/uploads\/2022\/11\/imagen-destacada.jpg","width":200,"height":200,"caption":"AGR"},{"@type":"BreadcrumbList","@id":"https:\/\/a-g-r.es\/servicios\/gestion-y-tratamiento-de-transformadores-con-pcb\/#breadcrumb","itemListElement":[{"@type":"ListItem","position":1,"name":"Home","item":"https:\/\/a-g-r.es\/"},{"@type":"ListItem","position":2,"name":"Servicios","item":"https:\/\/a-g-r.es\/servicios\/"},{"@type":"ListItem","position":3,"name":"Gesti\u00f3n y tratamiento de transformadores con PCB"}]},{"@type":"WebSite","@id":"https:\/\/a-g-r.es\/#website","url":"https:\/\/a-g-r.es\/","name":"AGR","description":"APROCHIM-GETESARPRYMOIL,S.A.","publisher":{"@id":"https:\/\/a-g-r.es\/#organization"},"alternateName":"L\u00edder en Gesti\u00f3n Integral de Residuos Peligrosos con PCB","potentialAction":[{"@type":"SearchAction","target":{"@type":"EntryPoint","urlTemplate":"https:\/\/a-g-r.es\/?s={search_term_string}"},"query-input":{"@type":"PropertyValueSpecification","valueRequired":true,"valueName":"search_term_string"}}],"inLanguage":"fr-FR"},{"@type":"Organization","@id":"https:\/\/a-g-r.es\/#organization","name":"AGR","alternateName":"L\u00edder en Gesti\u00f3n Integral de Residuos Peligrosos con PCB","url":"https:\/\/a-g-r.es\/","logo":{"@type":"ImageObject","inLanguage":"fr-FR","@id":"https:\/\/a-g-r.es\/#\/schema\/logo\/image\/","url":"https:\/\/a-g-r.es\/wp-content\/uploads\/2022\/05\/logo.png","contentUrl":"https:\/\/a-g-r.es\/wp-content\/uploads\/2022\/05\/logo.png","width":212,"height":61,"caption":"AGR"},"image":{"@id":"https:\/\/a-g-r.es\/#\/schema\/logo\/image\/"}}]}},"_links":{"self":[{"href":"https:\/\/a-g-r.es\/fr\/wp-json\/wp\/v2\/pages\/505","targetHints":{"allow":["GET"]}}],"collection":[{"href":"https:\/\/a-g-r.es\/fr\/wp-json\/wp\/v2\/pages"}],"about":[{"href":"https:\/\/a-g-r.es\/fr\/wp-json\/wp\/v2\/types\/page"}],"author":[{"embeddable":true,"href":"https:\/\/a-g-r.es\/fr\/wp-json\/wp\/v2\/users\/3"}],"replies":[{"embeddable":true,"href":"https:\/\/a-g-r.es\/fr\/wp-json\/wp\/v2\/comments?post=505"}],"version-history":[{"count":19,"href":"https:\/\/a-g-r.es\/fr\/wp-json\/wp\/v2\/pages\/505\/revisions"}],"predecessor-version":[{"id":1236,"href":"https:\/\/a-g-r.es\/fr\/wp-json\/wp\/v2\/pages\/505\/revisions\/1236"}],"up":[{"embeddable":true,"href":"https:\/\/a-g-r.es\/fr\/wp-json\/wp\/v2\/pages\/17"}],"wp:featuredmedia":[{"embeddable":true,"href":"https:\/\/a-g-r.es\/fr\/wp-json\/wp\/v2\/media\/1225"}],"wp:attachment":[{"href":"https:\/\/a-g-r.es\/fr\/wp-json\/wp\/v2\/media?parent=505"}],"curies":[{"name":"wp","href":"https:\/\/api.w.org\/{rel}","templated":true}]}}