{"id":524,"date":"2022-05-23T11:47:53","date_gmt":"2022-05-23T09:47:53","guid":{"rendered":"http:\/\/a-g-r.es\/?page_id=524"},"modified":"2022-11-24T21:32:56","modified_gmt":"2022-11-24T20:32:56","slug":"valorizacion-de-catalizadores","status":"publish","type":"page","link":"https:\/\/a-g-r.es\/fr\/servicios\/valorizacion-de-catalizadores\/","title":{"rendered":"Valorisation des catalyseurs"},"content":{"rendered":"<div data-elementor-type=\"wp-page\" data-elementor-id=\"524\" class=\"elementor elementor-524\" data-elementor-post-type=\"page\">\n\t\t\t\t\t\t<section class=\"elementor-section elementor-top-section elementor-element elementor-element-1a8b800f elementor-section-full_width elementor-section-content-middle elementor-section-height-default elementor-section-height-default\" data-id=\"1a8b800f\" data-element_type=\"section\" data-e-type=\"section\" data-settings=\"{&quot;background_background&quot;:&quot;classic&quot;}\">\n\t\t\t\t\t\t\t<div class=\"elementor-background-overlay\"><\/div>\n\t\t\t\t\t\t\t<div class=\"elementor-container elementor-column-gap-default\">\n\t\t\t\t\t<div class=\"elementor-column elementor-col-100 elementor-top-column elementor-element elementor-element-67c9673b\" data-id=\"67c9673b\" data-element_type=\"column\" data-e-type=\"column\">\n\t\t\t<div class=\"elementor-widget-wrap elementor-element-populated\">\n\t\t\t\t\t\t<div class=\"elementor-element elementor-element-70d9aa5f elementor-widget elementor-widget-heading\" data-id=\"70d9aa5f\" data-element_type=\"widget\" data-e-type=\"widget\" data-widget_type=\"heading.default\">\n\t\t\t\t\t<h2 class=\"elementor-heading-title elementor-size-default\">Valorisation des catalyseurs \u00e9puis\u00e9s hors d\u2019usage<\/h2>\t\t\t\t<\/div>\n\t\t\t\t\t<\/div>\n\t\t<\/div>\n\t\t\t\t\t<\/div>\n\t\t<\/section>\n\t\t\t\t<section class=\"elementor-section elementor-top-section elementor-element elementor-element-54e604d2 elementor-section-full_width elementor-section-content-middle elementor-section-height-default elementor-section-height-default\" data-id=\"54e604d2\" data-element_type=\"section\" data-e-type=\"section\">\n\t\t\t\t\t\t<div class=\"elementor-container elementor-column-gap-default\">\n\t\t\t\t\t<div class=\"elementor-column elementor-col-50 elementor-top-column elementor-element elementor-element-299213e4\" data-id=\"299213e4\" data-element_type=\"column\" data-e-type=\"column\">\n\t\t\t<div class=\"elementor-widget-wrap elementor-element-populated\">\n\t\t\t\t\t\t<div class=\"elementor-element elementor-element-28e40058 elementor-widget elementor-widget-image\" data-id=\"28e40058\" data-element_type=\"widget\" data-e-type=\"widget\" data-widget_type=\"image.default\">\n\t\t\t\t\t\t\t\t\t\t\t\t\t\t\t<img fetchpriority=\"high\" decoding=\"async\" width=\"1714\" height=\"1258\" src=\"https:\/\/a-g-r.es\/wp-content\/uploads\/2022\/05\/catalizador-pg.-10.png\" class=\"attachment-full size-full wp-image-939\" alt=\"\" srcset=\"https:\/\/a-g-r.es\/wp-content\/uploads\/2022\/05\/catalizador-pg.-10.png 1714w, https:\/\/a-g-r.es\/wp-content\/uploads\/2022\/05\/catalizador-pg.-10-300x220.png 300w, https:\/\/a-g-r.es\/wp-content\/uploads\/2022\/05\/catalizador-pg.-10-1024x752.png 1024w, https:\/\/a-g-r.es\/wp-content\/uploads\/2022\/05\/catalizador-pg.-10-768x564.png 768w, https:\/\/a-g-r.es\/wp-content\/uploads\/2022\/05\/catalizador-pg.-10-1536x1127.png 1536w\" sizes=\"(max-width: 1714px) 100vw, 1714px\" \/>\t\t\t\t\t\t\t\t\t\t\t\t\t\t\t<\/div>\n\t\t\t\t<div class=\"elementor-element elementor-element-63212dd7 elementor-widget elementor-widget-heading\" data-id=\"63212dd7\" data-element_type=\"widget\" data-e-type=\"widget\" data-widget_type=\"heading.default\">\n\t\t\t\t\t<h2 class=\"elementor-heading-title elementor-size-default\">Types de catalyseurs<\/h2>\t\t\t\t<\/div>\n\t\t\t\t\t<\/div>\n\t\t<\/div>\n\t\t\t\t<div class=\"elementor-column elementor-col-50 elementor-top-column elementor-element elementor-element-69d4015\" data-id=\"69d4015\" data-element_type=\"column\" data-e-type=\"column\">\n\t\t\t<div class=\"elementor-widget-wrap elementor-element-populated\">\n\t\t\t\t\t\t<div class=\"elementor-element elementor-element-773256d4 elementor-widget elementor-widget-heading\" data-id=\"773256d4\" data-element_type=\"widget\" data-e-type=\"widget\" data-widget_type=\"heading.default\">\n\t\t\t\t\t<h2 class=\"elementor-heading-title elementor-size-default\">_____ <b>Services<\/b> _____<\/h2>\t\t\t\t<\/div>\n\t\t\t\t<div class=\"elementor-element elementor-element-5f35cae0 elementor-widget elementor-widget-heading\" data-id=\"5f35cae0\" data-element_type=\"widget\" data-e-type=\"widget\" data-widget_type=\"heading.default\">\n\t\t\t\t\t<h2 class=\"elementor-heading-title elementor-size-default\">Valorisation des catalyseurs \u00e9puis\u00e9s hors d\u2019usage<\/h2>\t\t\t\t<\/div>\n\t\t\t\t<div class=\"elementor-element elementor-element-21ac5e64 elementor-widget elementor-widget-text-editor\" data-id=\"21ac5e64\" data-element_type=\"widget\" data-e-type=\"widget\" data-widget_type=\"text-editor.default\">\n\t\t\t\t\t\t\t\t\tApr\u00e8s avoir acquis de l\u2019exp\u00e9rience dans ce domaine, depuis 2015, une soci\u00e9t\u00e9 sp\u00e9cialis\u00e9e dans ce type de gestion a \u00e9t\u00e9 cr\u00e9\u00e9e, AGR CATALYSTS RECOVERY dans laquelle AGR est l\u2019actionnaire majoritaire et, avec des soci\u00e9t\u00e9s ayant une longue histoire internationale, telles que LONDON CHEMICAL RESOURCES, LTD et FULL YIELD INDUSTRY CO LTD, a lanc\u00e9 la premi\u00e8re usine de r\u00e9cup\u00e9ration de catalyseurs en Espagne.\t\t\t\t\t\t\t\t<\/div>\n\t\t\t\t\t<\/div>\n\t\t<\/div>\n\t\t\t\t\t<\/div>\n\t\t<\/section>\n\t\t\t\t<section class=\"elementor-section elementor-top-section elementor-element elementor-element-8ca24fe elementor-section-full_width elementor-section-content-middle elementor-section-height-default elementor-section-height-default\" data-id=\"8ca24fe\" data-element_type=\"section\" data-e-type=\"section\">\n\t\t\t\t\t\t<div class=\"elementor-container elementor-column-gap-default\">\n\t\t\t\t\t<div class=\"elementor-column elementor-col-100 elementor-top-column elementor-element elementor-element-cfd0bb9\" data-id=\"cfd0bb9\" data-element_type=\"column\" data-e-type=\"column\">\n\t\t\t<div class=\"elementor-widget-wrap elementor-element-populated\">\n\t\t\t\t\t\t<div class=\"elementor-element elementor-element-27e4e70 elementor-widget elementor-widget-text-editor\" data-id=\"27e4e70\" data-element_type=\"widget\" data-e-type=\"widget\" data-widget_type=\"text-editor.default\">\n\t\t\t\t\t\t\t\t\t<p><strong>M\u00e9taux pr\u00e9cieux<\/strong><\/p><p>Nous g\u00e9rons les catalyseurs qui contiennent des m\u00e9taux pr\u00e9cieux tels que: le platine, le palladium, le rhodium, le ruth\u00e9nium, l\u2019or et l\u2019argent.<\/p><p><strong>Autres m\u00e9taux tels que le cobalt, le nickel, le vanadium, le molybd\u00e8ne et le tungst\u00e8ne<\/strong><\/p><p>Le processus final est effectu\u00e9 dans une usine de pointe situ\u00e9e dans les Asturies, appartenant \u00e0 notre filiale AGR CATALYSTS RECOVERY, S.A.<\/p>\t\t\t\t\t\t\t\t<\/div>\n\t\t\t\t\t<\/div>\n\t\t<\/div>\n\t\t\t\t\t<\/div>\n\t\t<\/section>\n\t\t\t\t<section class=\"elementor-section elementor-top-section elementor-element elementor-element-11bced22 elementor-section-full_width elementor-section-content-middle elementor-section-height-default elementor-section-height-default\" data-id=\"11bced22\" data-element_type=\"section\" data-e-type=\"section\">\n\t\t\t\t\t\t<div class=\"elementor-container elementor-column-gap-default\">\n\t\t\t\t\t<div class=\"elementor-column elementor-col-100 elementor-top-column elementor-element elementor-element-667da52b\" data-id=\"667da52b\" data-element_type=\"column\" data-e-type=\"column\">\n\t\t\t<div class=\"elementor-widget-wrap elementor-element-populated\">\n\t\t\t\t\t\t<div class=\"elementor-element elementor-element-4352cf94 elementor-widget elementor-widget-gallery\" data-id=\"4352cf94\" data-element_type=\"widget\" data-e-type=\"widget\" data-settings=\"{&quot;columns&quot;:2,&quot;gap&quot;:{&quot;unit&quot;:&quot;px&quot;,&quot;size&quot;:30,&quot;sizes&quot;:[]},&quot;aspect_ratio&quot;:&quot;16:9&quot;,&quot;overlay_title&quot;:&quot;caption&quot;,&quot;image_hover_animation&quot;:&quot;grow&quot;,&quot;lazyload&quot;:&quot;yes&quot;,&quot;gallery_layout&quot;:&quot;grid&quot;,&quot;columns_tablet&quot;:2,&quot;columns_mobile&quot;:1,&quot;gap_tablet&quot;:{&quot;unit&quot;:&quot;px&quot;,&quot;size&quot;:10,&quot;sizes&quot;:[]},&quot;gap_mobile&quot;:{&quot;unit&quot;:&quot;px&quot;,&quot;size&quot;:10,&quot;sizes&quot;:[]},&quot;link_to&quot;:&quot;file&quot;,&quot;overlay_background&quot;:&quot;yes&quot;,&quot;content_hover_animation&quot;:&quot;fade-in&quot;}\" data-widget_type=\"gallery.default\">\n\t\t\t\t\t\t\t<div class=\"elementor-gallery__container\">\n\t\t\t\t\t\t\t<a class=\"e-gallery-item elementor-gallery-item elementor-animated-content\" href=\"https:\/\/a-g-r.es\/wp-content\/uploads\/2022\/10\/Empresa.jpg\" data-elementor-open-lightbox=\"yes\" data-elementor-lightbox-slideshow=\"4352cf94\" data-elementor-lightbox-title=\"Empresa\" data-e-action-hash=\"#elementor-action%3Aaction%3Dlightbox%26settings%3DeyJpZCI6MTEzOSwidXJsIjoiaHR0cHM6XC9cL2EtZy1yLmVzXC93cC1jb250ZW50XC91cGxvYWRzXC8yMDIyXC8xMFwvRW1wcmVzYS5qcGciLCJzbGlkZXNob3ciOiI0MzUyY2Y5NCJ9\">\n\t\t\t\t\t<div class=\"e-gallery-image elementor-gallery-item__image\" data-thumbnail=\"https:\/\/a-g-r.es\/wp-content\/uploads\/2022\/10\/Empresa.jpg\" data-width=\"1440\" data-height=\"1080\" aria-label=\"\" role=\"img\" ><\/div>\n\t\t\t\t\t\t\t\t\t\t\t<div class=\"elementor-gallery-item__overlay\"><\/div>\n\t\t\t\t\t\t\t\t\t\t\t\t\t\t\t<div class=\"elementor-gallery-item__content\">\n\t\t\t\t\t\t\t\t\t\t\t<\/div>\n\t\t\t\t\t\t\t\t\t<\/a>\n\t\t\t\t\t\t\t<a class=\"e-gallery-item elementor-gallery-item elementor-animated-content\" href=\"https:\/\/a-g-r.es\/wp-content\/uploads\/2022\/10\/Instalaciones-3.jpg\" data-elementor-open-lightbox=\"yes\" data-elementor-lightbox-slideshow=\"4352cf94\" data-elementor-lightbox-title=\"Instalaciones-3\" data-e-action-hash=\"#elementor-action%3Aaction%3Dlightbox%26settings%3DeyJpZCI6MTE0MCwidXJsIjoiaHR0cHM6XC9cL2EtZy1yLmVzXC93cC1jb250ZW50XC91cGxvYWRzXC8yMDIyXC8xMFwvSW5zdGFsYWNpb25lcy0zLmpwZyIsInNsaWRlc2hvdyI6IjQzNTJjZjk0In0%3D\">\n\t\t\t\t\t<div class=\"e-gallery-image elementor-gallery-item__image\" data-thumbnail=\"https:\/\/a-g-r.es\/wp-content\/uploads\/2022\/10\/Instalaciones-3.jpg\" data-width=\"1440\" data-height=\"1080\" aria-label=\"\" role=\"img\" ><\/div>\n\t\t\t\t\t\t\t\t\t\t\t<div class=\"elementor-gallery-item__overlay\"><\/div>\n\t\t\t\t\t\t\t\t\t\t\t\t\t\t\t<div class=\"elementor-gallery-item__content\">\n\t\t\t\t\t\t\t\t\t\t\t<\/div>\n\t\t\t\t\t\t\t\t\t<\/a>\n\t\t\t\t\t<\/div>\n\t\t\t\t\t<\/div>\n\t\t\t\t\t<\/div>\n\t\t<\/div>\n\t\t\t\t\t<\/div>\n\t\t<\/section>\n\t\t\t\t<\/div>","protected":false},"excerpt":{"rendered":"<p>Valorizaci\u00f3n de catalizadores agotados fuera de uso Tipos de catalizadores _____ Servicios _____ Valorizaci\u00f3n de catalizadores agotados fuera de uso Tras adquirir experiencia en este campo, desde 2015, se cre\u00f3 una sociedad especializada en este tipo de gesti\u00f3n, AGR CATALYSTS RECOVERY en la que AGR es accionista mayoritario y, junto a empresas con una larga [&hellip;]<\/p>\n","protected":false},"author":3,"featured_media":1225,"parent":17,"menu_order":3,"comment_status":"closed","ping_status":"closed","template":"elementor_header_footer","meta":{"footnotes":""},"class_list":["post-524","page","type-page","status-publish","has-post-thumbnail","hentry"],"yoast_head":"<!-- This site is optimized with the Yoast SEO plugin v27.4 - https:\/\/yoast.com\/product\/yoast-seo-wordpress\/ -->\n<title>Valorizaci\u00f3n de catalizadores - AGR<\/title>\n<meta name=\"description\" content=\"M\u00e1s de 25 a\u00f1os de Experiencia en la Gesti\u00f3n de Residuos. Desde 1995 de la mano de l\u00edderes europeos en el tratamiento de residuos con PCB\" \/>\n<meta name=\"robots\" content=\"index, follow, max-snippet:-1, max-image-preview:large, max-video-preview:-1\" \/>\n<link rel=\"canonical\" href=\"https:\/\/a-g-r.es\/fr\/servicios\/valorizacion-de-catalizadores\/\" \/>\n<meta property=\"og:locale\" content=\"fr_FR\" \/>\n<meta property=\"og:type\" content=\"article\" \/>\n<meta property=\"og:title\" content=\"Valorizaci\u00f3n de catalizadores - AGR\" \/>\n<meta property=\"og:description\" content=\"M\u00e1s de 25 a\u00f1os de Experiencia en la Gesti\u00f3n de Residuos. Desde 1995 de la mano de l\u00edderes europeos en el tratamiento de residuos con PCB\" \/>\n<meta property=\"og:url\" content=\"https:\/\/a-g-r.es\/fr\/servicios\/valorizacion-de-catalizadores\/\" \/>\n<meta property=\"og:site_name\" content=\"AGR\" \/>\n<meta property=\"article:modified_time\" content=\"2022-11-24T20:32:56+00:00\" \/>\n<meta property=\"og:image\" content=\"https:\/\/a-g-r.es\/wp-content\/uploads\/2022\/11\/imagen-destacada.jpg\" \/>\n\t<meta property=\"og:image:width\" content=\"200\" \/>\n\t<meta property=\"og:image:height\" content=\"200\" \/>\n\t<meta property=\"og:image:type\" content=\"image\/jpeg\" \/>\n<meta name=\"twitter:card\" content=\"summary_large_image\" \/>\n<meta name=\"twitter:label1\" content=\"Dur\u00e9e de lecture estim\u00e9e\" \/>\n\t<meta name=\"twitter:data1\" content=\"2 minutes\" \/>\n<script type=\"application\/ld+json\" class=\"yoast-schema-graph\">{\"@context\":\"https:\\\/\\\/schema.org\",\"@graph\":[{\"@type\":\"WebPage\",\"@id\":\"https:\\\/\\\/a-g-r.es\\\/servicios\\\/valorizacion-de-catalizadores\\\/\",\"url\":\"https:\\\/\\\/a-g-r.es\\\/servicios\\\/valorizacion-de-catalizadores\\\/\",\"name\":\"Valorizaci\u00f3n de catalizadores - AGR\",\"isPartOf\":{\"@id\":\"https:\\\/\\\/a-g-r.es\\\/#website\"},\"primaryImageOfPage\":{\"@id\":\"https:\\\/\\\/a-g-r.es\\\/servicios\\\/valorizacion-de-catalizadores\\\/#primaryimage\"},\"image\":{\"@id\":\"https:\\\/\\\/a-g-r.es\\\/servicios\\\/valorizacion-de-catalizadores\\\/#primaryimage\"},\"thumbnailUrl\":\"https:\\\/\\\/a-g-r.es\\\/wp-content\\\/uploads\\\/2022\\\/11\\\/imagen-destacada.jpg\",\"datePublished\":\"2022-05-23T09:47:53+00:00\",\"dateModified\":\"2022-11-24T20:32:56+00:00\",\"description\":\"M\u00e1s de 25 a\u00f1os de Experiencia en la Gesti\u00f3n de Residuos. Desde 1995 de la mano de l\u00edderes europeos en el tratamiento de residuos con PCB\",\"breadcrumb\":{\"@id\":\"https:\\\/\\\/a-g-r.es\\\/servicios\\\/valorizacion-de-catalizadores\\\/#breadcrumb\"},\"inLanguage\":\"fr-FR\",\"potentialAction\":[{\"@type\":\"ReadAction\",\"target\":[\"https:\\\/\\\/a-g-r.es\\\/servicios\\\/valorizacion-de-catalizadores\\\/\"]}]},{\"@type\":\"ImageObject\",\"inLanguage\":\"fr-FR\",\"@id\":\"https:\\\/\\\/a-g-r.es\\\/servicios\\\/valorizacion-de-catalizadores\\\/#primaryimage\",\"url\":\"https:\\\/\\\/a-g-r.es\\\/wp-content\\\/uploads\\\/2022\\\/11\\\/imagen-destacada.jpg\",\"contentUrl\":\"https:\\\/\\\/a-g-r.es\\\/wp-content\\\/uploads\\\/2022\\\/11\\\/imagen-destacada.jpg\",\"width\":200,\"height\":200,\"caption\":\"AGR\"},{\"@type\":\"BreadcrumbList\",\"@id\":\"https:\\\/\\\/a-g-r.es\\\/servicios\\\/valorizacion-de-catalizadores\\\/#breadcrumb\",\"itemListElement\":[{\"@type\":\"ListItem\",\"position\":1,\"name\":\"Home\",\"item\":\"https:\\\/\\\/a-g-r.es\\\/\"},{\"@type\":\"ListItem\",\"position\":2,\"name\":\"Servicios\",\"item\":\"https:\\\/\\\/a-g-r.es\\\/servicios\\\/\"},{\"@type\":\"ListItem\",\"position\":3,\"name\":\"Valorizaci\u00f3n de catalizadores\"}]},{\"@type\":\"WebSite\",\"@id\":\"https:\\\/\\\/a-g-r.es\\\/#website\",\"url\":\"https:\\\/\\\/a-g-r.es\\\/\",\"name\":\"AGR\",\"description\":\"APROCHIM-GETESARPRYMOIL,S.A.\",\"publisher\":{\"@id\":\"https:\\\/\\\/a-g-r.es\\\/#organization\"},\"alternateName\":\"L\u00edder en Gesti\u00f3n Integral de Residuos Peligrosos con PCB\",\"potentialAction\":[{\"@type\":\"SearchAction\",\"target\":{\"@type\":\"EntryPoint\",\"urlTemplate\":\"https:\\\/\\\/a-g-r.es\\\/?s={search_term_string}\"},\"query-input\":{\"@type\":\"PropertyValueSpecification\",\"valueRequired\":true,\"valueName\":\"search_term_string\"}}],\"inLanguage\":\"fr-FR\"},{\"@type\":\"Organization\",\"@id\":\"https:\\\/\\\/a-g-r.es\\\/#organization\",\"name\":\"AGR\",\"alternateName\":\"L\u00edder en Gesti\u00f3n Integral de Residuos Peligrosos con PCB\",\"url\":\"https:\\\/\\\/a-g-r.es\\\/\",\"logo\":{\"@type\":\"ImageObject\",\"inLanguage\":\"fr-FR\",\"@id\":\"https:\\\/\\\/a-g-r.es\\\/#\\\/schema\\\/logo\\\/image\\\/\",\"url\":\"https:\\\/\\\/a-g-r.es\\\/wp-content\\\/uploads\\\/2022\\\/05\\\/logo.png\",\"contentUrl\":\"https:\\\/\\\/a-g-r.es\\\/wp-content\\\/uploads\\\/2022\\\/05\\\/logo.png\",\"width\":212,\"height\":61,\"caption\":\"AGR\"},\"image\":{\"@id\":\"https:\\\/\\\/a-g-r.es\\\/#\\\/schema\\\/logo\\\/image\\\/\"}}]}<\/script>\n<!-- \/ Yoast SEO plugin. -->","yoast_head_json":{"title":"Valorizaci\u00f3n de catalizadores - AGR","description":"M\u00e1s de 25 a\u00f1os de Experiencia en la Gesti\u00f3n de Residuos. Desde 1995 de la mano de l\u00edderes europeos en el tratamiento de residuos con PCB","robots":{"index":"index","follow":"follow","max-snippet":"max-snippet:-1","max-image-preview":"max-image-preview:large","max-video-preview":"max-video-preview:-1"},"canonical":"https:\/\/a-g-r.es\/fr\/servicios\/valorizacion-de-catalizadores\/","og_locale":"fr_FR","og_type":"article","og_title":"Valorizaci\u00f3n de catalizadores - AGR","og_description":"M\u00e1s de 25 a\u00f1os de Experiencia en la Gesti\u00f3n de Residuos. Desde 1995 de la mano de l\u00edderes europeos en el tratamiento de residuos con PCB","og_url":"https:\/\/a-g-r.es\/fr\/servicios\/valorizacion-de-catalizadores\/","og_site_name":"AGR","article_modified_time":"2022-11-24T20:32:56+00:00","og_image":[{"width":200,"height":200,"url":"https:\/\/a-g-r.es\/wp-content\/uploads\/2022\/11\/imagen-destacada.jpg","type":"image\/jpeg"}],"twitter_card":"summary_large_image","twitter_misc":{"Dur\u00e9e de lecture estim\u00e9e":"2 minutes"},"schema":{"@context":"https:\/\/schema.org","@graph":[{"@type":"WebPage","@id":"https:\/\/a-g-r.es\/servicios\/valorizacion-de-catalizadores\/","url":"https:\/\/a-g-r.es\/servicios\/valorizacion-de-catalizadores\/","name":"Valorizaci\u00f3n de catalizadores - AGR","isPartOf":{"@id":"https:\/\/a-g-r.es\/#website"},"primaryImageOfPage":{"@id":"https:\/\/a-g-r.es\/servicios\/valorizacion-de-catalizadores\/#primaryimage"},"image":{"@id":"https:\/\/a-g-r.es\/servicios\/valorizacion-de-catalizadores\/#primaryimage"},"thumbnailUrl":"https:\/\/a-g-r.es\/wp-content\/uploads\/2022\/11\/imagen-destacada.jpg","datePublished":"2022-05-23T09:47:53+00:00","dateModified":"2022-11-24T20:32:56+00:00","description":"M\u00e1s de 25 a\u00f1os de Experiencia en la Gesti\u00f3n de Residuos. Desde 1995 de la mano de l\u00edderes europeos en el tratamiento de residuos con PCB","breadcrumb":{"@id":"https:\/\/a-g-r.es\/servicios\/valorizacion-de-catalizadores\/#breadcrumb"},"inLanguage":"fr-FR","potentialAction":[{"@type":"ReadAction","target":["https:\/\/a-g-r.es\/servicios\/valorizacion-de-catalizadores\/"]}]},{"@type":"ImageObject","inLanguage":"fr-FR","@id":"https:\/\/a-g-r.es\/servicios\/valorizacion-de-catalizadores\/#primaryimage","url":"https:\/\/a-g-r.es\/wp-content\/uploads\/2022\/11\/imagen-destacada.jpg","contentUrl":"https:\/\/a-g-r.es\/wp-content\/uploads\/2022\/11\/imagen-destacada.jpg","width":200,"height":200,"caption":"AGR"},{"@type":"BreadcrumbList","@id":"https:\/\/a-g-r.es\/servicios\/valorizacion-de-catalizadores\/#breadcrumb","itemListElement":[{"@type":"ListItem","position":1,"name":"Home","item":"https:\/\/a-g-r.es\/"},{"@type":"ListItem","position":2,"name":"Servicios","item":"https:\/\/a-g-r.es\/servicios\/"},{"@type":"ListItem","position":3,"name":"Valorizaci\u00f3n de catalizadores"}]},{"@type":"WebSite","@id":"https:\/\/a-g-r.es\/#website","url":"https:\/\/a-g-r.es\/","name":"AGR","description":"APROCHIM-GETESARPRYMOIL,S.A.","publisher":{"@id":"https:\/\/a-g-r.es\/#organization"},"alternateName":"L\u00edder en Gesti\u00f3n Integral de Residuos Peligrosos con PCB","potentialAction":[{"@type":"SearchAction","target":{"@type":"EntryPoint","urlTemplate":"https:\/\/a-g-r.es\/?s={search_term_string}"},"query-input":{"@type":"PropertyValueSpecification","valueRequired":true,"valueName":"search_term_string"}}],"inLanguage":"fr-FR"},{"@type":"Organization","@id":"https:\/\/a-g-r.es\/#organization","name":"AGR","alternateName":"L\u00edder en Gesti\u00f3n Integral de Residuos Peligrosos con PCB","url":"https:\/\/a-g-r.es\/","logo":{"@type":"ImageObject","inLanguage":"fr-FR","@id":"https:\/\/a-g-r.es\/#\/schema\/logo\/image\/","url":"https:\/\/a-g-r.es\/wp-content\/uploads\/2022\/05\/logo.png","contentUrl":"https:\/\/a-g-r.es\/wp-content\/uploads\/2022\/05\/logo.png","width":212,"height":61,"caption":"AGR"},"image":{"@id":"https:\/\/a-g-r.es\/#\/schema\/logo\/image\/"}}]}},"_links":{"self":[{"href":"https:\/\/a-g-r.es\/fr\/wp-json\/wp\/v2\/pages\/524","targetHints":{"allow":["GET"]}}],"collection":[{"href":"https:\/\/a-g-r.es\/fr\/wp-json\/wp\/v2\/pages"}],"about":[{"href":"https:\/\/a-g-r.es\/fr\/wp-json\/wp\/v2\/types\/page"}],"author":[{"embeddable":true,"href":"https:\/\/a-g-r.es\/fr\/wp-json\/wp\/v2\/users\/3"}],"replies":[{"embeddable":true,"href":"https:\/\/a-g-r.es\/fr\/wp-json\/wp\/v2\/comments?post=524"}],"version-history":[{"count":25,"href":"https:\/\/a-g-r.es\/fr\/wp-json\/wp\/v2\/pages\/524\/revisions"}],"predecessor-version":[{"id":1237,"href":"https:\/\/a-g-r.es\/fr\/wp-json\/wp\/v2\/pages\/524\/revisions\/1237"}],"up":[{"embeddable":true,"href":"https:\/\/a-g-r.es\/fr\/wp-json\/wp\/v2\/pages\/17"}],"wp:featuredmedia":[{"embeddable":true,"href":"https:\/\/a-g-r.es\/fr\/wp-json\/wp\/v2\/media\/1225"}],"wp:attachment":[{"href":"https:\/\/a-g-r.es\/fr\/wp-json\/wp\/v2\/media?parent=524"}],"curies":[{"name":"wp","href":"https:\/\/api.w.org\/{rel}","templated":true}]}}